{"id":615,"date":"2016-02-12T14:00:11","date_gmt":"2016-02-12T13:00:11","guid":{"rendered":"https:\/\/ellecosta.com\/note-legali-2\/"},"modified":"2023-01-11T15:51:12","modified_gmt":"2023-01-11T14:51:12","slug":"note-legali","status":"publish","type":"page","link":"https:\/\/ellecosta.com\/it\/note-legali\/","title":{"rendered":"note legali"},"content":{"rendered":"<section id=\"main-content\">\n<article class=\"template\">\n<div class=\"article-content template-default\">\n<div class=\"wymeditor\">\n<p><strong>Titolari della pagina<\/strong><br \/>\nEllecosta Rolll\u00e4den Srl<br \/>\nZona Artigianale n. 1<br \/>\nI-39030 Casteldarne \/ Chienes, Alto Adige<br \/>\nTel. +39 0474 658023<br \/>\n<a href=\"&#x6d;&#x61;&#105;&#108;t&#x6f;&#x3a;&#x69;&#110;fo&#x40;&#x65;&#108;&#108;e&#x63;&#x6f;&#x73;&#116;a&#46;&#x63;&#x6f;&#109;\" target=\"_blank\">&#x69;&#110;f&#x6f;&#x40;&#101;l&#x6c;&#x65;&#99;o&#x73;&#x74;&#97;&#46;&#x63;&#x6f;&#109;<\/a><\/p>\n<p><strong><span class=\"\">Branding, <\/span>Concept &amp; Corporate Webdesign<\/strong><br \/>\n2015 \u00a9 created with strategy and love <a class=\"moz-txt-link-abbreviated\" href=\"http:\/\/www.markenfee.com\/\" target=\"_blank\"><br \/>\nwww.MARKENFEE.com<\/a><\/p>\n<p><strong>Programmazione<\/strong><br \/>\nFabian Irsara<br \/>\nH\u00f6ttinger-Au 41, 6020 Innsbruck<br \/>\n<a href=\"http:\/\/www.fabianirsara.com\" target=\"_blank\">www.fabianirsara.com<\/a><\/p>\n<p><strong>Materiale fotografico e iconografico<\/strong><br \/>\nPhilipp Franceschini<br \/>\n<a href=\"http:\/\/www.fpfoto.com\/\" target=\"_blank\">www.fpfoto.com<\/a><\/p>\n<p><strong>Note legali<\/strong><br \/>\nI marchi e i nomi presenti in questa pagina web sono di propriet\u00e0 dei relativi titolari.<br \/>\nQuesta pagina web contiene link a pagine di terzi. Nonostante accurati controlli, non si assume<br \/>\nalcuna responsabilit\u00e0 per il contenuto delle pagine collegate. La responsabilit\u00e0 morale e civile<br \/>\nper il contenuto di quelle e per la loro struttura dipende esclusivamente dai singoli gestori.<\/p>\n<p>&nbsp;<\/p>\n<p><strong>L\u2019impiego di cookie<\/strong><\/p>\n<p>Nel corso di una sessione online vengono raccolte nei cookie le informazioni dei testi attraverso una cartella speciale in formato a ASCII (cookie.txt) salvata sul disco fisso dell\u2019utilizzatore. Il navigatore www-browser dell\u2019utente controlla il luogo in cui i cookie vengono salvati dall\u2019utente. I cookie rappresentano informazioni che possono essere restituite al server in occasione della prossima sessione online. Possono essere utilizzati unicamente dal server che li ha salvati in precedenza. Ellecosta Rolll\u00e4den Srl d. Sebastian Ellecosta ricorre all\u2019impiego di cookie solamente nel caso in cui ci\u00f2 sia urgentemente necessario per garantire le funzioni dell\u2019utilizzo e\/o per accelerare la navigazione in internet. Le informazioni non vengono messe a disposizione di terzi poich\u00e9 i cookie possono essere utilizzati solo per gli scopi sopra indicati.<\/p>\n<p>La maggior parte dei browser \u00e8 organizzata in modo tale che i cookie vengono accettati automaticamente. Tale funzione pu\u00f2 per\u00f2 essere disattivata presso il browser in qualsiasi momento. Il Suo browser pu\u00f2 essere programmato in modo tale che ogni qualvolta viene trasmesso un cookie ne viene dato notizia.<\/p>\n<p><strong>Links verso altri siti<\/strong><\/p>\n<p>I siti di Ellecosta Rolll\u00e4den Srl d. Sebastian Ellecosta possono contenere links che rimandano ad altri siti. Ellecosta Rolll\u00e4den Srl d. Sebastian Ellecosta non esercita alcuna influenza sui contenuti redazionali di altri siti n\u00e9 sull\u2019osservanza delle norme sulla privacy da parte dei gestori di questi ultimi.<\/p>\n<p><strong>Pubblicit\u00e0<\/strong><\/p>\n<p>I siti di Ellecosta Rolll\u00e4den Srl d. Sebastian Ellecosta di regola non contengono pubblicit\u00e0. In caso contrario la spedizione di pubblicit\u00e0 si effettua tramite adServer esterni. I dati raccolti attraverso la pubblicit\u00e0 online (AdImpressions, AdKlicks) servono unicamente agli effetti statistici e per l\u2019elaborazione di reporting per i clienti delle azioni di pubblicit\u00e0. In tal caso non vgono utilizzati dati personali. In caso di spedizione di testi pubblicitari possono essere utilizzati dei cookie senza che Ellecosta Rolll\u00e4den Srl d. Sebastian Ellecosta possa esercitare alcuna influenza.<\/p>\n<p><strong>Invio dei dati<\/strong><br \/>\nIn relazione alle finalit\u00e0 di cui sopra, i Suoi dati personali verranno successivamente comunicati se necessario:<\/p>\n<ul>\n<li>alle Pubbliche Amministrazioni ed Autorit\u00e0, ove previsto dalla legge;<\/li>\n<li>ad istituti di credito con i quali la nostra societ\u00e0 intrattiene rapporti commerciali per la gestione di crediti e debiti e l\u2019intermediazione finanziaria;<\/li>\n<li>a tutte le persone fisiche e giuridiche, pubbliche o private (studi di consulenza legale, amministrativa e fiscale, uffici giudiziari, Camere di Commercio, ecc.), quando la trasmissione dei dati risulti essere necessaria o funzionale allo svolgimento della nostra attivit\u00e0 e nei modi e per le finalit\u00e0 sopra elencati.<\/li>\n<\/ul>\n<p><strong>Diritti dell\u2019interessato<\/strong><\/p>\n<p>La legge sulla protezione dei dati conferisce all\u2019interessato la possibilit\u00e0 di esercitare specifici diritti di cui all\u2019art. 7. In particolare egli pu\u00f2 ottenere dal titolare la conferma dell\u2019esistenza o meno di propri dati personali che lo riguardano, anche se non sono ancora stati registrati, e la loro comunicazione in forma intelligibile. L\u2019interessato pu\u00f2 altres\u00ec chiedere di conoscere l\u2019origine dei dati, le finalit\u00e0 e modalit\u00e0 del trattamento, nonch\u00e9 la logica applicata in caso di trattamento effettuato con l\u2019ausilio di strumenti elettronici, gli estremi identificativi del titolare, dei responsabili nominati e dei soggetti e categorie di soggetti ai quali i dati possono essere comunicati o che possono venire a conoscenza. L\u2019interessato ha il diritto di ottenere la conferma, il controllo, la rettificazione, l\u2019integrazione, la cancellazione, la trasformazione in via anonima o il blocco dei dati trattati in violazione di legge. Egli ha diritto di opporsi, in tutto o in parte, per motivi legittimi al trattamento dei dati personali che lo riguardano, ancorch\u00e9 pertinenti allo scopo della raccolta, di richiedere la cancellazione, la trasformazione in via anonima o il blocco dei dati trattati, e di opporsi senza motivo al trattamento che lo riguarda a fini di invio di materiale pubblicitario o di vendita diretta, o per il compimento di ricerche di mercato o di comunicazione commerciale.<br \/>\nI diritti in oggetto possono essere esercitati da parte dell\u2019interessato o per il tramite di un incaricato, mediante richiesta rivolta al responsabile del trattamento dei dati che \u00e8 il signore Sebastian Ellecosta (Ellecosta Rolll\u00e4den Srl d. Sebastian Ellecosta, Handwerkerzone Nr. 1, 39030 Ehrenburg \/ Kiens, Su\u0308dtirol) o via e-mail all\u2019indirizzo i&#110;&#102;&#x6f;&#x40;&#x65;&#x6c;l&#101;&#99;&#111;&#x73;&#x74;&#x61;&#46;c&#111;&#109;.<\/p>\n<p><strong>Informativa sulla privacy per l\u2019uso di Google Analytics<\/strong><\/p>\n<p>Questo sito web utilizza Google Analytics, un servizio di analisi web fornito da Google, Inc. (\u201cGoogle\u201d). Google Analytics utilizza dei \u201ccookies\u201d, file di testo che vengono memorizzati sul vostro computer, per analizzare l\u2019utilizzo del sito web. Le informazioni generate dal cookie sull\u2019utilizzo del sito sono di solito trasmesse ad un server di Google negli Stati Uniti e memorizzate.<\/p>\n<p>In caso di attivazione della trasformazione in forma anonima IP su questo sito, il tuo indirizzo IP da parte di Google verr\u00e0 troncato all\u2019interno degli Stati membri dell\u2019Unione europea o in altri Stati parti dell\u2019accordo sullo Spazio economico europeo. Solo in casi eccezionali l\u2019indirizzo IP completo viene inviato a un server di Google negli Stati Uniti dove \u00e8 accorciato. A nome del proprietario del sito Google utilizza queste informazioni per valutare il vostro utilizzo del sito web, per compilare report sulle attivit\u00e0 del sito web e per inviare informazioni circa l\u2019attivit\u00e0 del sito web e altri servizi relativi ad internet al titolare del sito. Come parte di Google Analytics dal tuo browser l\u2019indirizzo IP non sar\u00e0 fuso con altri dati di Google.<\/p>\n<p>Potete rifiutarvi di usare i cookies selezionando l\u2019impostazione appropriata sul vostro browser, si segnala, tuttavia, che in questo caso potreste non essere in grado di utilizzare pienamente tutte le funzioni di questo sito.<\/p>\n<p>Potete anche impedire il rilevamento del cookie generato da e relative al vostro utilizzo del sito web (compreso il Vostro indirizzo IP) a Google e al trattamento di tali dati da parte di Google, scaricare il plug-in disponibile al seguente collegamento del browser e installare tools.google.com\/dlpage\/gaoptout<\/p>\n<p><strong>Informativa sulla privacy per l\u2019utilizzo di Facebook-Plugins (Tasto-Mi piace)<\/strong><\/p>\n<p>Le nostre pagine sono integrate di plugin del social network Facebook, 1601 South California Avenue, Palo Alto, CA 94304, Stati Uniti d\u2019America. Il plugin Facebook sulla nostra pagina si riconosce dal logo-Facebook o dal tasto \u201cLike-Button\u201d (\u201cMi piace\u201d) dalla nostra parte. Una panoramica di Facebook plug-in pu\u00f2 essere trovata qui: developers.facebook.com\/docs\/plugins\/<\/p>\n<p>Quando visitate il nostro sito, il plugin stabilisce una connessione diretta tra il browser e il server di Facebook.<\/p>\n<p>Facebook ottiene in tal modo le informazioni che avete visitato il nostro sito con il vostro indirizzo IP. Se si fa clic sul pulsante Facebook \u201cMi piace\u201d, mentre si \u00e8 connessi al proprio account Facebook, \u00e8 possibile collegare il contenuto delle nostre pagine al tuo profilo Facebook. In tal modo Facebook pu\u00f2 correlare la vostra visita del nostro sito con il tuo account utente.<\/p>\n<p>Si segnala che in qualit\u00e0 di fornitore dei siti, non percepiamo conoscenza del contenuto dei dati trasmessi e di quelli tramite l\u2019uso di Facebook.<\/p>\n<p>Per ulteriori informazioni, si prega di consultare l\u2019informativa sulla privacy di Facebook a de-de.facebook.com\/policy.php<\/p>\n<p>Se non si desidera che Facebook coordini la vostra visita al nostro sito con il tuo account di Facebook, si prega di uscire dal tuo account Facebook.<\/p>\n<p>Questa affermazione si basa sull\u2019esempio di per il Facebook-disclaimer del Dr. Thomas Helbing, ufficio legale per il diritto informatico e il diritto alla protezione dei dati<\/p>\n<p><strong>Informativa sulla privacy per l\u2019utilizzo di Google +1 Plugins<\/strong><\/p>\n<p>Il nostro sito utilizza il tasto \u201c+1\u201d del social network Google Plus, che \u00e8 gestito da Google Inc., 1600 Amphitheatre Parkway, Mountain View, CA 94043, Stati Uniti d\u2019America (\u201cGoogle\u201d). Il pulsante pu\u00f2 essere identificato dal simbolo \u201c1\u201d su fondo bianco o colorato.<\/p>\n<p>Quando si visita una pagina del nostro sito, che contiene ad esempio tale pulsante, il browser si collegher\u00e0 direttamente con i server di Google. Il contenuto del pulsante \u201c+1\u201d di Google coordiner\u00e0 direttamente il contenuto del vostro browser a quello incorporato nel sito. Abbiamo a riguardo quindi alcuna influenza sulla quantit\u00e0 di dati raccolti, con il pulsante Google.<\/p>\n<p>Secondo Google, senza fare clic sul pulsante, i dati personali sono raccolti. Solo per i clienti loggati tali dati, compreso l\u2019indirizzo IP, sono raccolti e trattati.<\/p>\n<p>Per lo scopo e campo di applicazione della raccolta dei dati e l\u2019ulteriore elaborazione e utilizzo dei dati da parte di Google, nonch\u00e9 i diritti e le modalit\u00e0 per proteggere la vostra privacy, di Google relative a privacy per il pulsante \u201c+1\u201d: www.google.com\/intl\/de\/+\/policy\/+1button.html, le FAQ: bit.ly\/r3Qmer e per le altre norme sulla privacy di Google https:\/\/www.google.com\/intl\/de\/policies\/privacy\/<\/p>\n<p>Se sei un membro di Google Plus e non si vuole che Google dal nostro sito web raccolga informazioni raccolte su di te e che con questi si colleghi ai dati utente archiviati in Google, \u00e8 necessario effettuare il logout da Google Plus prima di visitare il nostro sito web.<\/p>\n<p>Questa affermazione si basa sull\u2019esempio per Google+ 1 Disclaimer dello studio legale Schwenke<\/p>\n<p><strong>Informativa sulla privacy per l\u2019uso di Twitter<\/strong><\/p>\n<p>Sulle nostre pagine sono incluse le funzioni del servizio Twitter. Queste funzioni sono offerte da Twitter Inc.,1355 Market St, Suite 900, San Francisco, CA 94103, USA. Attraverso l\u2019uso di Twitter e la funzione \u201cRe-tweet\u201d le pagine web visitate saranno collegate al tuo account Twitter e rese note ad altri utenti. Inoltre dati verranno ceduti a Twitter.<\/p>\n<p>Si segnala che in qualit\u00e0 di fornitore dei siti non siamo conoscenza del contenuto dei dati trasmessi e usati attraverso Twitter. Per ulteriori informazioni, si prega di consultare l\u2019informativa sulla privacy di Twitter a twitter.com\/privacy.<\/p>\n<p>Le impostazioni della privacy su Twitter, \u00e8 possibile modificarle dal vostro account in twitter.com\/account\/settings.<\/p>\n<\/div>\n<\/div>\n<\/article>\n<\/section>\n","protected":false},"excerpt":{"rendered":"<p>Titolari della pagina Ellecosta Rolll\u00e4den Srl Zona Artigianale n. 1 I-39030 Casteldarne \/ Chienes, Alto Adige Tel. +39 0474 658023 &#x69;&#x6e;&#102;&#111;&#64;e&#x6c;&#x6c;&#x65;&#99;&#111;st&#x61;&#x2e;&#x63;&#111;&#109; Branding, Concept &amp; Corporate Webdesign 2015 \u00a9 created with strategy and love www.MARKENFEE.com Programmazione Fabian Irsara H\u00f6ttinger-Au 41, 6020 Innsbruck www.fabianirsara.com Materiale fotografico e iconografico Philipp Franceschini www.fpfoto.com Note legali I marchi e i [&hellip;]<\/p>\n","protected":false},"author":1,"featured_media":0,"parent":0,"menu_order":0,"comment_status":"closed","ping_status":"closed","template":"","meta":{"footnotes":""},"class_list":["post-615","page","type-page","status-publish","hentry"],"acf":[],"_links":{"self":[{"href":"https:\/\/ellecosta.com\/it\/wp-json\/wp\/v2\/pages\/615","targetHints":{"allow":["GET"]}}],"collection":[{"href":"https:\/\/ellecosta.com\/it\/wp-json\/wp\/v2\/pages"}],"about":[{"href":"https:\/\/ellecosta.com\/it\/wp-json\/wp\/v2\/types\/page"}],"author":[{"embeddable":true,"href":"https:\/\/ellecosta.com\/it\/wp-json\/wp\/v2\/users\/1"}],"replies":[{"embeddable":true,"href":"https:\/\/ellecosta.com\/it\/wp-json\/wp\/v2\/comments?post=615"}],"version-history":[{"count":0,"href":"https:\/\/ellecosta.com\/it\/wp-json\/wp\/v2\/pages\/615\/revisions"}],"wp:attachment":[{"href":"https:\/\/ellecosta.com\/it\/wp-json\/wp\/v2\/media?parent=615"}],"curies":[{"name":"wp","href":"https:\/\/api.w.org\/{rel}","templated":true}]}}