{"id":568,"date":"2016-02-12T14:00:22","date_gmt":"2016-02-12T13:00:22","guid":{"rendered":"https:\/\/ellecosta.com\/innenbeschattung-2\/"},"modified":"2024-01-16T21:02:10","modified_gmt":"2024-01-16T20:02:10","slug":"tende-interne","status":"publish","type":"page","link":"https:\/\/ellecosta.com\/it\/tende-interne\/","title":{"rendered":"Tende interne"},"content":{"rendered":"<div id=\"pl-568\"  class=\"panel-layout\" ><div class=\"grid-row-wrap\"><div class=\"grid-row-inner\"><div id=\"pg-568-0\"  class=\"panel-grid panel-no-style\" ><div id=\"pgc-568-0-0\"  class=\"panel-grid-cell\" ><div id=\"panel-568-0-0-0\" class=\"so-panel widget widget_sow-headline panel-first-child panel-last-child\" data-index=\"0\" ><div\n\t\t\t\n\t\t\tclass=\"so-widget-sow-headline so-widget-sow-headline-default-41868ba78607-568\"\n\t\t\t\n\t\t><div class=\"sow-headline-container \">\n\t\t\t\t\t\t\t<h1 class=\"sow-headline\">\n\t\t\t\t\t\tOmbreggiamento interno Ellecosta \u2013 Interior Design con la luce del sole\t\t\t\t\t\t<\/h1>\n\t\t\t\t\t\t\t\t\t\t\t<div class=\"decoration\">\n\t\t\t\t\t\t<div class=\"decoration-inside\"><\/div>\n\t\t\t\t\t<\/div>\n\t\t\t\t\t<\/div>\n<\/div><\/div><\/div><\/div><\/div><\/div><div class=\"grid-row-wrap\"><div class=\"grid-row-inner\"><div id=\"pg-568-1\"  class=\"panel-grid panel-no-style\" ><div id=\"pgc-568-1-0\"  class=\"panel-grid-cell\" ><div id=\"panel-568-1-0-0\" class=\"so-panel widget widget_sow-editor panel-first-child panel-last-child\" data-index=\"1\" ><div\n\t\t\t\n\t\t\tclass=\"so-widget-sow-editor so-widget-sow-editor-base\"\n\t\t\t\n\t\t>\n<div class=\"siteorigin-widget-tinymce textwidget\">\n\t<p style=\"text-align: center;\"><span lang=\"it-IT\">Personalizza il Suo ambiente con Ellecosta persiane verticali, veneziane, tende a rullo o pliss\u00e9 su misura.<\/span><\/p>\n<\/div>\n<\/div><\/div><\/div><\/div><\/div><\/div><div class=\"grid-row-wrap\"><div class=\"grid-row-inner\"><div id=\"pg-568-2\"  class=\"panel-grid panel-no-style\" ><div id=\"pgc-568-2-0\"  class=\"panel-grid-cell\" ><div id=\"panel-568-2-0-0\" class=\"so-panel widget widget_sow-image panel-first-child panel-last-child\" data-index=\"2\" ><div\n\t\t\t\n\t\t\tclass=\"so-widget-sow-image so-widget-sow-image-default-8b5b6f678277-568\"\n\t\t\t\n\t\t>\n<div class=\"sow-image-container\">\n\t\t<img loading=\"lazy\" decoding=\"async\" src=\"https:\/\/ellecosta.com\/wp-content\/uploads\/2016\/02\/Ellecosta-button-garanzia-it-2-anni.png\" width=\"401\" height=\"198\" sizes=\"auto, (max-width: 401px) 100vw, 401px\" alt=\"Ellecosta-button-garanzia-it-2-anni\" \t\tclass=\"so-widget-image\"\/>\n\t<\/div>\n\n<\/div><\/div><\/div><\/div><\/div><\/div><div class=\"grid-row-wrap\"><div class=\"grid-row-inner\"><div id=\"pg-568-3\"  class=\"panel-grid panel-no-style\" ><div id=\"pgc-568-3-0\"  class=\"panel-grid-cell\" ><div id=\"panel-568-3-0-0\" class=\"so-panel widget widget_sow-editor panel-first-child panel-last-child\" data-index=\"3\" ><div\n\t\t\t\n\t\t\tclass=\"so-widget-sow-editor so-widget-sow-editor-base\"\n\t\t\t\n\t\t>\n<div class=\"siteorigin-widget-tinymce textwidget\">\n\t<p><strong><span lang=\"it-IT\">Veneziane<\/span><\/strong><\/p>\n<p><img loading=\"lazy\" decoding=\"async\" class=\"alignnone wp-image-904 size-large\" src=\"https:\/\/ellecosta.com\/wp-content\/uploads\/2015\/10\/Ellecosta-Innenjalousie.jpg\" alt=\"Innenjalousie\" width=\"640\" height=\"436\" srcset=\"https:\/\/ellecosta.com\/wp-content\/uploads\/2015\/10\/Ellecosta-Innenjalousie.jpg 2560w, https:\/\/ellecosta.com\/wp-content\/uploads\/2015\/10\/Ellecosta-Innenjalousie-500x341.jpg 500w, https:\/\/ellecosta.com\/wp-content\/uploads\/2015\/10\/Ellecosta-Innenjalousie-2000x1363.jpg 2000w\" sizes=\"auto, (max-width: 640px) 100vw, 640px\" \/><\/p>\n<\/div>\n<\/div><\/div><\/div><div id=\"pgc-568-3-1\"  class=\"panel-grid-cell\" ><div id=\"panel-568-3-1-0\" class=\"so-panel widget widget_sow-editor panel-first-child panel-last-child\" data-index=\"4\" ><div\n\t\t\t\n\t\t\tclass=\"so-widget-sow-editor so-widget-sow-editor-base\"\n\t\t\t\n\t\t>\n<div class=\"siteorigin-widget-tinymce textwidget\">\n\t<p><b>Tenda Pliss\u00e9<\/b><\/p>\n<p><img loading=\"lazy\" decoding=\"async\" class=\"alignnone wp-image-901 size-large\" src=\"https:\/\/ellecosta.com\/wp-content\/uploads\/2015\/10\/Ellecosta-Faltstore.jpg\" alt=\"Faltstore\" width=\"640\" height=\"427\" srcset=\"https:\/\/ellecosta.com\/wp-content\/uploads\/2015\/10\/Ellecosta-Faltstore.jpg 1800w, https:\/\/ellecosta.com\/wp-content\/uploads\/2015\/10\/Ellecosta-Faltstore-500x333.jpg 500w, https:\/\/ellecosta.com\/wp-content\/uploads\/2015\/10\/Ellecosta-Faltstore-272x182.jpg 272w\" sizes=\"auto, (max-width: 640px) 100vw, 640px\" \/><\/p>\n<\/div>\n<\/div><\/div><\/div><\/div><\/div><\/div><div class=\"grid-row-wrap\"><div class=\"grid-row-inner\"><div id=\"pg-568-4\"  class=\"panel-grid panel-no-style\" ><div id=\"pgc-568-4-0\"  class=\"panel-grid-cell\" ><div id=\"panel-568-4-0-0\" class=\"so-panel widget widget_sow-editor panel-first-child panel-last-child\" data-index=\"5\" ><div\n\t\t\t\n\t\t\tclass=\"so-widget-sow-editor so-widget-sow-editor-base\"\n\t\t\t\n\t\t>\n<div class=\"siteorigin-widget-tinymce textwidget\">\n\t<p><strong><span lang=\"it-IT\">Pliss\u00e9 su misura<\/span><\/strong><\/p>\n<p><img loading=\"lazy\" decoding=\"async\" class=\"alignnone wp-image-907 size-full\" src=\"https:\/\/ellecosta.com\/wp-content\/uploads\/2020\/08\/Ellecosta-Flaechenvorhang-2.jpg\" alt=\"Fl\u00e4chenvorhang\" width=\"1387\" height=\"925\" srcset=\"https:\/\/ellecosta.com\/wp-content\/uploads\/2020\/08\/Ellecosta-Flaechenvorhang-2.jpg 1387w, https:\/\/ellecosta.com\/wp-content\/uploads\/2020\/08\/Ellecosta-Flaechenvorhang-2-500x333.jpg 500w, https:\/\/ellecosta.com\/wp-content\/uploads\/2020\/08\/Ellecosta-Flaechenvorhang-2-272x182.jpg 272w\" sizes=\"auto, (max-width: 1387px) 100vw, 1387px\" \/><\/p>\n<\/div>\n<\/div><\/div><\/div><div id=\"pgc-568-4-1\"  class=\"panel-grid-cell\" ><div id=\"panel-568-4-1-0\" class=\"so-panel widget widget_sow-editor panel-first-child panel-last-child\" data-index=\"6\" ><div\n\t\t\t\n\t\t\tclass=\"so-widget-sow-editor so-widget-sow-editor-base\"\n\t\t\t\n\t\t>\n<div class=\"siteorigin-widget-tinymce textwidget\">\n\t<p><strong>P<span lang=\"it-IT\">ersiane verticali<\/span><\/strong><\/p>\n<p><img loading=\"lazy\" decoding=\"async\" class=\"alignnone wp-image-909 size-large\" src=\"https:\/\/ellecosta.com\/wp-content\/uploads\/2020\/08\/Ellecosta-Vertikaljalousie-2.jpg\" alt=\"Vertikaljalousie\" width=\"640\" height=\"427\" srcset=\"https:\/\/ellecosta.com\/wp-content\/uploads\/2020\/08\/Ellecosta-Vertikaljalousie-2.jpg 2560w, https:\/\/ellecosta.com\/wp-content\/uploads\/2020\/08\/Ellecosta-Vertikaljalousie-2-500x333.jpg 500w, https:\/\/ellecosta.com\/wp-content\/uploads\/2020\/08\/Ellecosta-Vertikaljalousie-2-2000x1334.jpg 2000w, https:\/\/ellecosta.com\/wp-content\/uploads\/2020\/08\/Ellecosta-Vertikaljalousie-2-272x182.jpg 272w\" sizes=\"auto, (max-width: 640px) 100vw, 640px\" \/><\/p>\n<\/div>\n<\/div><\/div><\/div><\/div><\/div><\/div><div class=\"grid-row-wrap\"><div class=\"grid-row-inner\"><div id=\"pg-568-5\"  class=\"panel-grid panel-no-style\" ><div id=\"pgc-568-5-0\"  class=\"panel-grid-cell panel-grid-cell-mobile-last\" ><div id=\"panel-568-5-0-0\" class=\"so-panel widget widget_sow-editor panel-first-child panel-last-child\" data-index=\"7\" ><div\n\t\t\t\n\t\t\tclass=\"so-widget-sow-editor so-widget-sow-editor-base\"\n\t\t\t\n\t\t>\n<div class=\"siteorigin-widget-tinymce textwidget\">\n\t<p><strong><span lang=\"it-IT\">Tende a rullo<\/span><\/strong><\/p>\n<p><img loading=\"lazy\" decoding=\"async\" class=\"alignnone wp-image-908 size-large\" src=\"https:\/\/ellecosta.com\/wp-content\/uploads\/2020\/08\/Ellecosta-Stoffrollo-2.jpg\" alt=\"Stoffrollo\" width=\"640\" height=\"426\" srcset=\"https:\/\/ellecosta.com\/wp-content\/uploads\/2020\/08\/Ellecosta-Stoffrollo-2.jpg 2560w, https:\/\/ellecosta.com\/wp-content\/uploads\/2020\/08\/Ellecosta-Stoffrollo-2-500x333.jpg 500w, https:\/\/ellecosta.com\/wp-content\/uploads\/2020\/08\/Ellecosta-Stoffrollo-2-2000x1333.jpg 2000w, https:\/\/ellecosta.com\/wp-content\/uploads\/2020\/08\/Ellecosta-Stoffrollo-2-272x182.jpg 272w\" sizes=\"auto, (max-width: 640px) 100vw, 640px\" \/><\/p>\n<\/div>\n<\/div><\/div><\/div><div id=\"pgc-568-5-1\"  class=\"panel-grid-cell panel-grid-cell-empty\" ><\/div><\/div><\/div><\/div><div class=\"grid-row-wrap\"><div class=\"grid-row-inner\"><div id=\"pg-568-6\"  class=\"panel-grid panel-has-style\" ><div class=\"panel-row-style panel-row-style-for-568-6\" ><div id=\"pgc-568-6-0\"  class=\"panel-grid-cell\" ><div id=\"panel-568-6-0-0\" class=\"so-panel widget widget_quickcontactwidget panel-first-child panel-last-child\" data-index=\"8\" >\r\n      <section class=\"quickcontact\">\r\n        <div class=\"quickcontact-content\"><h2>Siamo a vostra disposizione<\/h2>\n<p>chiamateci al numero tel.<\/p>\n<h2>+39 0474 658023<\/h2>\n<p>o inviateci un\u2019e-mail:<\/p>\n<h2><a href=\"&#109;&#x61;i&#108;&#x74;o&#58;&#x69;n&#102;&#x6f;&#64;&#101;&#x6c;&#108;&#x65;&#x63;&#111;&#x73;&#x74;&#97;&#x2e;c&#111;&#x6d;\">&#x69;&#x6e;&#x66;&#x6f;&#x40;&#x65;&#x6c;&#x6c;&#x65;&#x63;&#x6f;&#x73;&#x74;&#x61;&#46;&#99;&#111;&#109;<\/a><\/h2>\n<\/div>\r\n      <\/section>\r\n      <\/div><\/div><\/div><\/div><\/div><\/div><div class=\"grid-row-wrap\"><div class=\"grid-row-inner\"><div id=\"pg-568-7\"  class=\"panel-grid panel-no-style\" ><div id=\"pgc-568-7-0\"  class=\"panel-grid-cell\" ><div id=\"panel-568-7-0-0\" class=\"so-panel widget widget_siteorigin-panels-postloop panel-first-child panel-last-child\" data-index=\"9\" >\r\n\r\n<div class=\"post-grid-item\">\r\n\t<div class=\"post-grid-item-inner\">\r\n\t\t<div class=\"post-grid-item-wrap\">\r\n\t\t\t<img decoding=\"async\" class=\"grid-sizer\" src=\"https:\/\/ellecosta.com\/wp-content\/themes\/ellecosta\/assets\/images\/grid-sizer.png\" alt=\".\">\r\n\t\t\t<article class=\"post-grid-item-article has-image post-559 page type-page status-publish hentry\">\r\n\t\t\t\t<a href=\"https:\/\/ellecosta.com\/it\/frangisole\/\" style=\" background-image: url(https:\/\/ellecosta.com\/wp-content\/uploads\/2015\/10\/Ellecosta-Raffstore-01.jpg); \">\r\n\t\t\t\t\t<div class=\"post-grid-item-wrap-inner\">\r\n\t\t\t\t\t\t<div class=\"center-outer\">\r\n\t\t\t\t\t\t\t<div class=\"center-inner\">\r\n\t\t\t\t\t\t\t\t\t\t\t\t\t\t\t\t<header class=\"entry-header\">\r\n\t\t\t\t\t\t\t\t\t<h1 class=\"entry-title\">Frangisole<\/h1>\t\t\t\t\t\t\t\t<\/header>\r\n\t\t\t\t\t\t\t\t\t\t\t\t\t\t\t\t\t<p>il sistema mobile di protezione contro il sole<\/p>\r\n\t\t\t\t\t\t\t\t\t\t\t\t\t\t\t<\/div>\r\n\t\t\t\t\t\t<\/div>\r\n\t\t\t\t\t<\/div>\r\n\t\t\t\t<\/a>\r\n\t\t\t<\/article><!-- #post-## -->\r\n\t\t<\/div>\r\n\t<\/div>\r\n<\/div>\r\n\r\n\r\n<div class=\"post-grid-item\">\r\n\t<div class=\"post-grid-item-inner\">\r\n\t\t<div class=\"post-grid-item-wrap\">\r\n\t\t\t<img decoding=\"async\" class=\"grid-sizer\" src=\"https:\/\/ellecosta.com\/wp-content\/themes\/ellecosta\/assets\/images\/grid-sizer.png\" alt=\".\">\r\n\t\t\t<article class=\"post-grid-item-article has-icon has-background post-657 page type-page status-publish hentry\">\r\n\t\t\t\t<a href=\"https:\/\/ellecosta.com\/it\/controllo-della-luce-solare\/\" style=\" background-color: #bea8b5; \">\r\n\t\t\t\t\t<div class=\"post-grid-item-wrap-inner\">\r\n\t\t\t\t\t\t<div class=\"center-outer\">\r\n\t\t\t\t\t\t\t<div class=\"center-inner\">\r\n\t\t\t\t\t\t\t\t\t\t\t\t\t\t\t\t\t<div class=\"post-grid-item-icon\">\r\n\t\t\t\t\t\t\t\t\t\t<img loading=\"lazy\" decoding=\"async\" src=\"https:\/\/ellecosta.com\/wp-content\/uploads\/2016\/02\/Ellecosta-Icon-Sonnenschutz-weiss.png\" alt=\"\" width=\"125\" height=\"125\">\r\n\t\t\t\t\t\t\t\t\t<\/div>\r\n\t\t\t\t\t\t\t\t\t\t\t\t\t\t\t\t<header class=\"entry-header\">\r\n\t\t\t\t\t\t\t\t\t<h1 class=\"entry-title\">Controllo della luce solare<\/h1>\t\t\t\t\t\t\t\t<\/header>\r\n\t\t\t\t\t\t\t\t\t\t\t\t\t\t\t<\/div>\r\n\t\t\t\t\t\t<\/div>\r\n\t\t\t\t\t<\/div>\r\n\t\t\t\t<\/a>\r\n\t\t\t<\/article><!-- #post-## -->\r\n\t\t<\/div>\r\n\t<\/div>\r\n<\/div>\r\n\r\n\r\n<div class=\"post-grid-item\">\r\n\t<div class=\"post-grid-item-inner\">\r\n\t\t<div class=\"post-grid-item-wrap\">\r\n\t\t\t<img decoding=\"async\" class=\"grid-sizer\" src=\"https:\/\/ellecosta.com\/wp-content\/themes\/ellecosta\/assets\/images\/grid-sizer.png\" alt=\".\">\r\n\t\t\t<article class=\"post-grid-item-article has-image has-background post-568 page type-page status-publish has-post-thumbnail hentry\">\r\n\t\t\t\t<a href=\"https:\/\/ellecosta.com\/it\/tende-interne\/\" style=\" background-image: url(https:\/\/ellecosta.com\/wp-content\/uploads\/2020\/08\/Ellecosta-Flaechenvorhang-2.jpg);  background-color: #ffffff; \">\r\n\t\t\t\t\t<div class=\"post-grid-item-wrap-inner\">\r\n\t\t\t\t\t\t<div class=\"center-outer\">\r\n\t\t\t\t\t\t\t<div class=\"center-inner\">\r\n\t\t\t\t\t\t\t\t\t\t\t\t\t\t\t\t<header class=\"entry-header\">\r\n\t\t\t\t\t\t\t\t\t<h1 class=\"entry-title\">Tende interne<\/h1>\t\t\t\t\t\t\t\t<\/header>\r\n\t\t\t\t\t\t\t\t\t\t\t\t\t\t\t\t\t<p> Interior Design con la luce del sole<\/p>\r\n\t\t\t\t\t\t\t\t\t\t\t\t\t\t\t<\/div>\r\n\t\t\t\t\t\t<\/div>\r\n\t\t\t\t\t<\/div>\r\n\t\t\t\t<\/a>\r\n\t\t\t<\/article><!-- #post-## -->\r\n\t\t<\/div>\r\n\t<\/div>\r\n<\/div>\r\n\r\n\r\n<div class=\"post-grid-item\">\r\n\t<div class=\"post-grid-item-inner\">\r\n\t\t<div class=\"post-grid-item-wrap\">\r\n\t\t\t<img decoding=\"async\" class=\"grid-sizer\" src=\"https:\/\/ellecosta.com\/wp-content\/themes\/ellecosta\/assets\/images\/grid-sizer.png\" alt=\".\">\r\n\t\t\t<article class=\"post-grid-item-article has-icon has-background post-645 page type-page status-publish hentry\">\r\n\t\t\t\t<a href=\"https:\/\/ellecosta.com\/it\/risparmio-energetico\/\" style=\" background-color: #7fbec8; \">\r\n\t\t\t\t\t<div class=\"post-grid-item-wrap-inner\">\r\n\t\t\t\t\t\t<div class=\"center-outer\">\r\n\t\t\t\t\t\t\t<div class=\"center-inner\">\r\n\t\t\t\t\t\t\t\t\t\t\t\t\t\t\t\t\t<div class=\"post-grid-item-icon\">\r\n\t\t\t\t\t\t\t\t\t\t<img loading=\"lazy\" decoding=\"async\" src=\"https:\/\/ellecosta.com\/wp-content\/uploads\/2015\/10\/Energiesparen.png\" alt=\"\" width=\"125\" height=\"125\">\r\n\t\t\t\t\t\t\t\t\t<\/div>\r\n\t\t\t\t\t\t\t\t\t\t\t\t\t\t\t\t<header class=\"entry-header\">\r\n\t\t\t\t\t\t\t\t\t<h1 class=\"entry-title\">Risparmio energetico<\/h1>\t\t\t\t\t\t\t\t<\/header>\r\n\t\t\t\t\t\t\t\t\t\t\t\t\t\t\t<\/div>\r\n\t\t\t\t\t\t<\/div>\r\n\t\t\t\t\t<\/div>\r\n\t\t\t\t<\/a>\r\n\t\t\t<\/article><!-- #post-## -->\r\n\t\t<\/div>\r\n\t<\/div>\r\n<\/div>\r\n\r\n\r\n<div class=\"post-grid-item\">\r\n\t<div class=\"post-grid-item-inner\">\r\n\t\t<div class=\"post-grid-item-wrap\">\r\n\t\t\t<img decoding=\"async\" class=\"grid-sizer\" src=\"https:\/\/ellecosta.com\/wp-content\/themes\/ellecosta\/assets\/images\/grid-sizer.png\" alt=\".\">\r\n\t\t\t<article class=\"post-grid-item-article has-icon has-background post-656 page type-page status-publish hentry\">\r\n\t\t\t\t<a href=\"https:\/\/ellecosta.com\/it\/protezione-da-sguardi-indiscreti\/\" style=\" background-color: #7b726b; \">\r\n\t\t\t\t\t<div class=\"post-grid-item-wrap-inner\">\r\n\t\t\t\t\t\t<div class=\"center-outer\">\r\n\t\t\t\t\t\t\t<div class=\"center-inner\">\r\n\t\t\t\t\t\t\t\t\t\t\t\t\t\t\t\t\t<div class=\"post-grid-item-icon\">\r\n\t\t\t\t\t\t\t\t\t\t<img loading=\"lazy\" decoding=\"async\" src=\"https:\/\/ellecosta.com\/wp-content\/uploads\/2015\/10\/Sichtschutz.png\" alt=\"\" width=\"123\" height=\"124\">\r\n\t\t\t\t\t\t\t\t\t<\/div>\r\n\t\t\t\t\t\t\t\t\t\t\t\t\t\t\t\t<header class=\"entry-header\">\r\n\t\t\t\t\t\t\t\t\t<h1 class=\"entry-title\">Protezione da sguardi indiscreti<\/h1>\t\t\t\t\t\t\t\t<\/header>\r\n\t\t\t\t\t\t\t\t\t\t\t\t\t\t\t<\/div>\r\n\t\t\t\t\t\t<\/div>\r\n\t\t\t\t\t<\/div>\r\n\t\t\t\t<\/a>\r\n\t\t\t<\/article><!-- #post-## -->\r\n\t\t<\/div>\r\n\t<\/div>\r\n<\/div>\r\n\r\n\r\n<div class=\"post-grid-item\">\r\n\t<div class=\"post-grid-item-inner\">\r\n\t\t<div class=\"post-grid-item-wrap\">\r\n\t\t\t<img decoding=\"async\" class=\"grid-sizer\" src=\"https:\/\/ellecosta.com\/wp-content\/themes\/ellecosta\/assets\/images\/grid-sizer.png\" alt=\".\">\r\n\t\t\t<article class=\"post-grid-item-article has-image has-background post-554 page type-page status-publish hentry\">\r\n\t\t\t\t<a href=\"https:\/\/ellecosta.com\/it\/avvolgibili\/\" style=\" background-image: url(https:\/\/ellecosta.com\/wp-content\/uploads\/2020\/08\/Ellecosta-Rolllaeden-4-quadrat.jpg);  background-color: #ffffff; \">\r\n\t\t\t\t\t<div class=\"post-grid-item-wrap-inner\">\r\n\t\t\t\t\t\t<div class=\"center-outer\">\r\n\t\t\t\t\t\t\t<div class=\"center-inner\">\r\n\t\t\t\t\t\t\t\t\t\t\t\t\t\t\t\t<header class=\"entry-header\">\r\n\t\t\t\t\t\t\t\t\t<h1 class=\"entry-title\">Avvolgibili<\/h1>\t\t\t\t\t\t\t\t<\/header>\r\n\t\t\t\t\t\t\t\t\t\t\t\t\t\t\t\t\t<p>Protezione da luce, rumore, sguardi indiscreti e ospiti indesiderati<\/p>\r\n\t\t\t\t\t\t\t\t\t\t\t\t\t\t\t<\/div>\r\n\t\t\t\t\t\t<\/div>\r\n\t\t\t\t\t<\/div>\r\n\t\t\t\t<\/a>\r\n\t\t\t<\/article><!-- #post-## -->\r\n\t\t<\/div>\r\n\t<\/div>\r\n<\/div>\r\n\r\n\r\n<div class=\"post-grid-item\">\r\n\t<div class=\"post-grid-item-inner\">\r\n\t\t<div class=\"post-grid-item-wrap\">\r\n\t\t\t<img decoding=\"async\" class=\"grid-sizer\" src=\"https:\/\/ellecosta.com\/wp-content\/themes\/ellecosta\/assets\/images\/grid-sizer.png\" alt=\".\">\r\n\t\t\t<article class=\"post-grid-item-article has-icon has-background post-642 page type-page status-publish hentry\">\r\n\t\t\t\t<a href=\"https:\/\/ellecosta.com\/it\/protezione-dai-tentativi-di-effrazione\/\" style=\" background-color: #d7d0a5; \">\r\n\t\t\t\t\t<div class=\"post-grid-item-wrap-inner\">\r\n\t\t\t\t\t\t<div class=\"center-outer\">\r\n\t\t\t\t\t\t\t<div class=\"center-inner\">\r\n\t\t\t\t\t\t\t\t\t\t\t\t\t\t\t\t\t<div class=\"post-grid-item-icon\">\r\n\t\t\t\t\t\t\t\t\t\t<img loading=\"lazy\" decoding=\"async\" src=\"https:\/\/ellecosta.com\/wp-content\/uploads\/2015\/10\/Einbruchschutz.png\" alt=\"\" width=\"123\" height=\"125\">\r\n\t\t\t\t\t\t\t\t\t<\/div>\r\n\t\t\t\t\t\t\t\t\t\t\t\t\t\t\t\t<header class=\"entry-header\">\r\n\t\t\t\t\t\t\t\t\t<h1 class=\"entry-title\">Protezione dai tentativi di effrazione<\/h1>\t\t\t\t\t\t\t\t<\/header>\r\n\t\t\t\t\t\t\t\t\t\t\t\t\t\t\t<\/div>\r\n\t\t\t\t\t\t<\/div>\r\n\t\t\t\t\t<\/div>\r\n\t\t\t\t<\/a>\r\n\t\t\t<\/article><!-- #post-## -->\r\n\t\t<\/div>\r\n\t<\/div>\r\n<\/div>\r\n\r\n\r\n<div class=\"post-grid-item\">\r\n\t<div class=\"post-grid-item-inner\">\r\n\t\t<div class=\"post-grid-item-wrap\">\r\n\t\t\t<img decoding=\"async\" class=\"grid-sizer\" src=\"https:\/\/ellecosta.com\/wp-content\/themes\/ellecosta\/assets\/images\/grid-sizer.png\" alt=\".\">\r\n\t\t\t<article class=\"post-grid-item-article has-image has-background post-651 page type-page status-publish has-post-thumbnail hentry\">\r\n\t\t\t\t<a href=\"https:\/\/ellecosta.com\/it\/cassonetti-per-avvolgibili\/\" style=\" background-image: url(https:\/\/ellecosta.com\/wp-content\/uploads\/2015\/10\/Ellecosta-Rollokasten.png);  background-color: #ffffff; \">\r\n\t\t\t\t\t<div class=\"post-grid-item-wrap-inner\">\r\n\t\t\t\t\t\t<div class=\"center-outer\">\r\n\t\t\t\t\t\t\t<div class=\"center-inner\">\r\n\t\t\t\t\t\t\t\t\t\t\t\t\t\t\t\t<header class=\"entry-header\">\r\n\t\t\t\t\t\t\t\t\t<h1 class=\"entry-title\">Cassonetti per avvolgibili<\/h1>\t\t\t\t\t\t\t\t<\/header>\r\n\t\t\t\t\t\t\t\t\t\t\t\t\t\t\t\t\t<p>isolamento a regola d\u2019arte<\/p>\r\n\t\t\t\t\t\t\t\t\t\t\t\t\t\t\t<\/div>\r\n\t\t\t\t\t\t<\/div>\r\n\t\t\t\t\t<\/div>\r\n\t\t\t\t<\/a>\r\n\t\t\t<\/article><!-- #post-## -->\r\n\t\t<\/div>\r\n\t<\/div>\r\n<\/div>\r\n\r\n\r\n<div class=\"post-grid-item\">\r\n\t<div class=\"post-grid-item-inner\">\r\n\t\t<div class=\"post-grid-item-wrap\">\r\n\t\t\t<img decoding=\"async\" class=\"grid-sizer\" src=\"https:\/\/ellecosta.com\/wp-content\/themes\/ellecosta\/assets\/images\/grid-sizer.png\" alt=\".\">\r\n\t\t\t<article class=\"post-grid-item-article has-image has-background post-564 page type-page status-publish hentry\">\r\n\t\t\t\t<a href=\"https:\/\/ellecosta.com\/it\/tende-da-sole\/\" style=\" background-image: url(https:\/\/ellecosta.com\/wp-content\/uploads\/2015\/10\/Ellecosta-Markiese.png);  background-color: #ffffff; \">\r\n\t\t\t\t\t<div class=\"post-grid-item-wrap-inner\">\r\n\t\t\t\t\t\t<div class=\"center-outer\">\r\n\t\t\t\t\t\t\t<div class=\"center-inner\">\r\n\t\t\t\t\t\t\t\t\t\t\t\t\t\t\t\t<header class=\"entry-header\">\r\n\t\t\t\t\t\t\t\t\t<h1 class=\"entry-title\">Tende da sole<\/h1>\t\t\t\t\t\t\t\t<\/header>\r\n\t\t\t\t\t\t\t\t\t\t\t\t\t\t\t\t\t<p>...e l\u2019 estate pu\u00f3 venire<\/p>\r\n\t\t\t\t\t\t\t\t\t\t\t\t\t\t\t<\/div>\r\n\t\t\t\t\t\t<\/div>\r\n\t\t\t\t\t<\/div>\r\n\t\t\t\t<\/a>\r\n\t\t\t<\/article><!-- #post-## -->\r\n\t\t<\/div>\r\n\t<\/div>\r\n<\/div>\r\n\r\n\r\n<div class=\"post-grid-item\">\r\n\t<div class=\"post-grid-item-inner\">\r\n\t\t<div class=\"post-grid-item-wrap\">\r\n\t\t\t<img decoding=\"async\" class=\"grid-sizer\" src=\"https:\/\/ellecosta.com\/wp-content\/themes\/ellecosta\/assets\/images\/grid-sizer.png\" alt=\".\">\r\n\t\t\t<article class=\"post-grid-item-article has-icon has-background post-649 page type-page status-publish hentry\">\r\n\t\t\t\t<a href=\"https:\/\/ellecosta.com\/it\/isolamento-acustico\/\" style=\" background-color: #4ca4b2; \">\r\n\t\t\t\t\t<div class=\"post-grid-item-wrap-inner\">\r\n\t\t\t\t\t\t<div class=\"center-outer\">\r\n\t\t\t\t\t\t\t<div class=\"center-inner\">\r\n\t\t\t\t\t\t\t\t\t\t\t\t\t\t\t\t\t<div class=\"post-grid-item-icon\">\r\n\t\t\t\t\t\t\t\t\t\t<img loading=\"lazy\" decoding=\"async\" src=\"https:\/\/ellecosta.com\/wp-content\/uploads\/2015\/10\/Laermschutz.png\" alt=\"\" width=\"125\" height=\"126\">\r\n\t\t\t\t\t\t\t\t\t<\/div>\r\n\t\t\t\t\t\t\t\t\t\t\t\t\t\t\t\t<header class=\"entry-header\">\r\n\t\t\t\t\t\t\t\t\t<h1 class=\"entry-title\">Isolamento acustico<\/h1>\t\t\t\t\t\t\t\t<\/header>\r\n\t\t\t\t\t\t\t\t\t\t\t\t\t\t\t<\/div>\r\n\t\t\t\t\t\t<\/div>\r\n\t\t\t\t\t<\/div>\r\n\t\t\t\t<\/a>\r\n\t\t\t<\/article><!-- #post-## -->\r\n\t\t<\/div>\r\n\t<\/div>\r\n<\/div>\r\n\r\n\r\n<div class=\"post-grid-item\">\r\n\t<div class=\"post-grid-item-inner\">\r\n\t\t<div class=\"post-grid-item-wrap\">\r\n\t\t\t<img decoding=\"async\" class=\"grid-sizer\" src=\"https:\/\/ellecosta.com\/wp-content\/themes\/ellecosta\/assets\/images\/grid-sizer.png\" alt=\".\">\r\n\t\t\t<article class=\"post-grid-item-article has-image has-background post-572 page type-page status-publish hentry\">\r\n\t\t\t\t<a href=\"https:\/\/ellecosta.com\/it\/zanzariere\/\" style=\" background-image: url(https:\/\/ellecosta.com\/wp-content\/uploads\/2022\/08\/Ellecosta-Insektenschutz-Bora-2022-01.jpg);  background-color: #ffffff; \">\r\n\t\t\t\t\t<div class=\"post-grid-item-wrap-inner\">\r\n\t\t\t\t\t\t<div class=\"center-outer\">\r\n\t\t\t\t\t\t\t<div class=\"center-inner\">\r\n\t\t\t\t\t\t\t\t\t\t\t\t\t\t\t\t<header class=\"entry-header\">\r\n\t\t\t\t\t\t\t\t\t<h1 class=\"entry-title\">Zanzariere<\/h1>\t\t\t\t\t\t\t\t<\/header>\r\n\t\t\t\t\t\t\t\t\t\t\t\t\t\t\t\t\t<p>per finestre e per porte<\/p>\r\n\t\t\t\t\t\t\t\t\t\t\t\t\t\t\t<\/div>\r\n\t\t\t\t\t\t<\/div>\r\n\t\t\t\t\t<\/div>\r\n\t\t\t\t<\/a>\r\n\t\t\t<\/article><!-- #post-## -->\r\n\t\t<\/div>\r\n\t<\/div>\r\n<\/div>\r\n\r\n\r\n<div class=\"post-grid-item\">\r\n\t<div class=\"post-grid-item-inner\">\r\n\t\t<div class=\"post-grid-item-wrap\">\r\n\t\t\t<img decoding=\"async\" class=\"grid-sizer\" src=\"https:\/\/ellecosta.com\/wp-content\/themes\/ellecosta\/assets\/images\/grid-sizer.png\" alt=\".\">\r\n\t\t\t<article class=\"post-grid-item-article has-image post-928 page type-page status-publish hentry\">\r\n\t\t\t\t<a href=\"https:\/\/ellecosta.com\/it\/ziptex-it\/\" style=\" background-image: url(https:\/\/ellecosta.com\/wp-content\/uploads\/2020\/08\/Ziptex-Grid-Vorschaubild.jpg); \">\r\n\t\t\t\t\t<div class=\"post-grid-item-wrap-inner\">\r\n\t\t\t\t\t\t<div class=\"center-outer\">\r\n\t\t\t\t\t\t\t<div class=\"center-inner\">\r\n\t\t\t\t\t\t\t\t\t\t\t\t\t\t\t\t<header class=\"entry-header\">\r\n\t\t\t\t\t\t\t\t\t<h1 class=\"entry-title\">Ziptex<\/h1>\t\t\t\t\t\t\t\t<\/header>\r\n\t\t\t\t\t\t\t\t\t\t\t\t\t\t\t\t\t<p>la novit\u00e0 nel mondo della protezione solare<\/p>\r\n\t\t\t\t\t\t\t\t\t\t\t\t\t\t\t<\/div>\r\n\t\t\t\t\t\t<\/div>\r\n\t\t\t\t\t<\/div>\r\n\t\t\t\t<\/a>\r\n\t\t\t<\/article><!-- #post-## -->\r\n\t\t<\/div>\r\n\t<\/div>\r\n<\/div>\r\n<\/div><\/div><\/div><\/div><\/div><\/div>","protected":false},"excerpt":{"rendered":"<p>Ziptex La Ziptex \u00e8 la novit\u00e0 pi\u00f9 curiosa che c\u2019\u00e8 nel mondo della protezione solare. Le stoffe tessili sono resistenti alla luce UV, idrofughi e antimacchia. La resistenza contro il tempo e anche il vento (fino a 80 km\/h) sono un punto importante e per cui sono spesso la prima scelta per l\u2019area esterna. Il [&hellip;]<\/p>\n","protected":false},"author":1,"featured_media":903,"parent":0,"menu_order":0,"comment_status":"closed","ping_status":"closed","template":"","meta":{"footnotes":""},"class_list":["post-568","page","type-page","status-publish","has-post-thumbnail","hentry"],"acf":[],"_links":{"self":[{"href":"https:\/\/ellecosta.com\/it\/wp-json\/wp\/v2\/pages\/568","targetHints":{"allow":["GET"]}}],"collection":[{"href":"https:\/\/ellecosta.com\/it\/wp-json\/wp\/v2\/pages"}],"about":[{"href":"https:\/\/ellecosta.com\/it\/wp-json\/wp\/v2\/types\/page"}],"author":[{"embeddable":true,"href":"https:\/\/ellecosta.com\/it\/wp-json\/wp\/v2\/users\/1"}],"replies":[{"embeddable":true,"href":"https:\/\/ellecosta.com\/it\/wp-json\/wp\/v2\/comments?post=568"}],"version-history":[{"count":0,"href":"https:\/\/ellecosta.com\/it\/wp-json\/wp\/v2\/pages\/568\/revisions"}],"wp:featuredmedia":[{"embeddable":true,"href":"https:\/\/ellecosta.com\/it\/wp-json\/wp\/v2\/media\/903"}],"wp:attachment":[{"href":"https:\/\/ellecosta.com\/it\/wp-json\/wp\/v2\/media?parent=568"}],"curies":[{"name":"wp","href":"https:\/\/api.w.org\/{rel}","templated":true}]}}