{"id":554,"date":"2016-02-12T14:00:21","date_gmt":"2016-02-12T13:00:21","guid":{"rendered":"https:\/\/ellecosta.com\/rolllaeden-2\/"},"modified":"2020-09-14T15:03:21","modified_gmt":"2020-09-14T13:03:21","slug":"avvolgibili","status":"publish","type":"page","link":"https:\/\/ellecosta.com\/it\/avvolgibili\/","title":{"rendered":"Avvolgibili"},"content":{"rendered":"<div id=\"pl-554\"  class=\"panel-layout\" ><div class=\"grid-row-wrap\"><div class=\"grid-row-inner\"><div id=\"pg-554-0\"  class=\"panel-grid panel-no-style\" ><div id=\"pgc-554-0-0\"  class=\"panel-grid-cell\" ><div id=\"panel-554-0-0-0\" class=\"so-panel widget widget_sow-headline panel-first-child panel-last-child\" data-index=\"0\" ><div\n\t\t\t\n\t\t\tclass=\"so-widget-sow-headline so-widget-sow-headline-default-41868ba78607-554\"\n\t\t\t\n\t\t><div class=\"sow-headline-container \">\n\t\t\t\t\t\t\t<h1 class=\"sow-headline\">\n\t\t\t\t\t\tEllecosta avvolgibili\t\t\t\t\t\t<\/h1>\n\t\t\t\t\t\t\t\t\t\t\t<div class=\"decoration\">\n\t\t\t\t\t\t<div class=\"decoration-inside\"><\/div>\n\t\t\t\t\t<\/div>\n\t\t\t\t\t<\/div>\n<\/div><\/div><\/div><\/div><\/div><\/div><div class=\"grid-row-wrap\"><div class=\"grid-row-inner\"><div id=\"pg-554-1\"  class=\"panel-grid panel-no-style\" ><div id=\"pgc-554-1-0\"  class=\"panel-grid-cell\" ><div id=\"panel-554-1-0-0\" class=\"so-panel widget widget_sow-editor panel-first-child panel-last-child\" data-index=\"1\" ><div\n\t\t\t\n\t\t\tclass=\"so-widget-sow-editor so-widget-sow-editor-base\"\n\t\t\t\n\t\t>\n<div class=\"siteorigin-widget-tinymce textwidget\">\n\t<p><span lang=\"it-IT\">Ellecosta avvolgibili sono disponibili in alluminio o acciaio, diversi colori e parecchi profili. Avvolgibili del profilo 8x37 mm vengono prodotti su misura nella nostra sede a Casteldarne \/ Chienes. <\/span><\/p>\n<\/div>\n<\/div><\/div><\/div><div id=\"pgc-554-1-1\"  class=\"panel-grid-cell\" ><div id=\"panel-554-1-1-0\" class=\"so-panel widget widget_sow-editor panel-first-child panel-last-child\" data-index=\"2\" ><div\n\t\t\t\n\t\t\tclass=\"so-widget-sow-editor so-widget-sow-editor-base\"\n\t\t\t\n\t\t>\n<div class=\"siteorigin-widget-tinymce textwidget\">\n\t<p><span lang=\"it-IT\">I nostri avvolgibili con poliuretano espanso sono antiacustici, certificati CE e resistenti a fuoco e al tempo. Tramite la guida combi pu\u00f2 essere integrato una zanzariera direttamente nel sistema.<\/span><\/p>\n<\/div>\n<\/div><\/div><\/div><\/div><\/div><\/div><div class=\"grid-row-wrap\"><div class=\"grid-row-inner\"><div id=\"pg-554-2\"  class=\"panel-grid panel-no-style\" ><div id=\"pgc-554-2-0\"  class=\"panel-grid-cell\" ><div id=\"panel-554-2-0-0\" class=\"so-panel widget widget_sow-image panel-first-child panel-last-child\" data-index=\"3\" ><div\n\t\t\t\n\t\t\tclass=\"so-widget-sow-image so-widget-sow-image-default-8b5b6f678277-554\"\n\t\t\t\n\t\t>\n<div class=\"sow-image-container\">\n\t\t<img loading=\"lazy\" decoding=\"async\" src=\"https:\/\/ellecosta.com\/wp-content\/uploads\/2016\/02\/Ellecosta-button-garanzia-it-2-anni.png\" width=\"401\" height=\"198\" sizes=\"auto, (max-width: 401px) 100vw, 401px\" alt=\"Ellecosta-button-garanzia-it-2-anni\" \t\tclass=\"so-widget-image\"\/>\n\t<\/div>\n\n<\/div><\/div><\/div><\/div><\/div><\/div><div class=\"grid-row-wrap\"><div class=\"grid-row-inner\"><div id=\"pg-554-3\"  class=\"panel-grid panel-has-style\" ><div class=\"panel-row-style panel-row-style-for-554-3\" ><div id=\"pgc-554-3-0\"  class=\"panel-grid-cell\" ><div id=\"panel-554-3-0-0\" class=\"so-panel widget widget_benefits-widget panel-first-child panel-last-child\" data-index=\"4\" ><div\n\t\t\t\n\t\t\tclass=\"so-widget-benefits-widget so-widget-benefits-widget-base\"\n\t\t\t\n\t\t><div class=\"benefits\">\r\n  <div class=\"benefits-content\">\r\n    <h2><span lang=\"it-IT\"><b>Ellecosta avvolgibili<\/b><\/span><\/h2>\n<p>\u00a0<\/p>\n<p><span lang=\"it-IT\">adatto per l\u2019esterno<br \/>\nalta stabilit\u00e0<br \/>\nlunga durata<br \/>\nprotezione contro il sole, scasso e sguardi curiosi<br \/>\nottima coibentazione di caldo e suono<br \/>\ngrande scelta di colori<\/span><\/p>\n  <\/div>\r\n  <div class=\"benefits-icons\">\r\n          <div class=\"benefit-icon\">\r\n        <div class=\"benefit-icon-image\">\r\n          <img loading=\"lazy\" decoding=\"async\" width=\"62\" height=\"63\" src=\"https:\/\/ellecosta.com\/wp-content\/uploads\/2015\/10\/icon-1.png\" class=\"attachment-full size-full\" alt=\"Ellecosta-Einbruchschutz-62x62\" \/>        <\/div>\r\n                  <div class=\"benefit-icon-tooltip\">\r\n            <div class=\"benefit-icon-tooltip-inner\">Einbruchschutz<\/div>\r\n          <\/div>\r\n              <\/div>\r\n          <div class=\"benefit-icon\">\r\n        <div class=\"benefit-icon-image\">\r\n          <img loading=\"lazy\" decoding=\"async\" width=\"62\" height=\"62\" src=\"https:\/\/ellecosta.com\/wp-content\/uploads\/2015\/10\/icon-2.png\" class=\"attachment-full size-full\" alt=\"Ellecosta-Energiesparen-62x62\" \/>        <\/div>\r\n                  <div class=\"benefit-icon-tooltip\">\r\n            <div class=\"benefit-icon-tooltip-inner\">Energiesparen<\/div>\r\n          <\/div>\r\n              <\/div>\r\n          <div class=\"benefit-icon\">\r\n        <div class=\"benefit-icon-image\">\r\n          <img loading=\"lazy\" decoding=\"async\" width=\"62\" height=\"62\" src=\"https:\/\/ellecosta.com\/wp-content\/uploads\/2015\/10\/icon-3.png\" class=\"attachment-full size-full\" alt=\"Ellecosta-Sichtschutz-62x62\" \/>        <\/div>\r\n                  <div class=\"benefit-icon-tooltip\">\r\n            <div class=\"benefit-icon-tooltip-inner\">Sichtschutz<\/div>\r\n          <\/div>\r\n              <\/div>\r\n          <div class=\"benefit-icon\">\r\n        <div class=\"benefit-icon-image\">\r\n          <img loading=\"lazy\" decoding=\"async\" width=\"62\" height=\"62\" src=\"https:\/\/ellecosta.com\/wp-content\/uploads\/2015\/10\/Ellecosta-Sonnenschutz.png\" class=\"attachment-full size-full\" alt=\"Ellecosta-Sonnenschutz\" \/>        <\/div>\r\n                  <div class=\"benefit-icon-tooltip\">\r\n            <div class=\"benefit-icon-tooltip-inner\">Sonnenschutz<\/div>\r\n          <\/div>\r\n              <\/div>\r\n          <div class=\"benefit-icon\">\r\n        <div class=\"benefit-icon-image\">\r\n          <img loading=\"lazy\" decoding=\"async\" width=\"62\" height=\"62\" src=\"https:\/\/ellecosta.com\/wp-content\/uploads\/2015\/10\/Ellecosta-Laermschutz-62x62.png\" class=\"attachment-full size-full\" alt=\"Ellecosta-Laermschutz-62x62\" \/>        <\/div>\r\n                  <div class=\"benefit-icon-tooltip\">\r\n            <div class=\"benefit-icon-tooltip-inner\">L\u00e4rmschutz<\/div>\r\n          <\/div>\r\n              <\/div>\r\n          <div class=\"benefit-icon\">\r\n        <div class=\"benefit-icon-image\">\r\n                  <\/div>\r\n                  <div class=\"benefit-icon-tooltip\">\r\n            <div class=\"benefit-icon-tooltip-inner\">Optional: Insektenschutz<\/div>\r\n          <\/div>\r\n              <\/div>\r\n      <\/div>\r\n<\/div><\/div><\/div><\/div><\/div><\/div><\/div><\/div><div class=\"grid-row-wrap\"><div class=\"grid-row-inner\"><div id=\"pg-554-4\"  class=\"panel-grid panel-no-style\" ><div id=\"pgc-554-4-0\"  class=\"panel-grid-cell\" ><div id=\"panel-554-4-0-0\" class=\"so-panel widget widget_sow-headline panel-first-child panel-last-child\" data-index=\"5\" ><div\n\t\t\t\n\t\t\tclass=\"so-widget-sow-headline so-widget-sow-headline-default-41868ba78607-554\"\n\t\t\t\n\t\t><div class=\"sow-headline-container \">\n\t\t\t\t\t\t\t<h1 class=\"sow-headline\">\n\t\t\t\t\t\tEllecosta cassonetti per avvolgibili\t\t\t\t\t\t<\/h1>\n\t\t\t\t\t\t\t\t\t\t\t<div class=\"decoration\">\n\t\t\t\t\t\t<div class=\"decoration-inside\"><\/div>\n\t\t\t\t\t<\/div>\n\t\t\t\t\t<\/div>\n<\/div><\/div><\/div><\/div><\/div><\/div><div class=\"grid-row-wrap\"><div class=\"grid-row-inner\"><div id=\"pg-554-5\"  class=\"panel-grid panel-no-style\" ><div id=\"pgc-554-5-0\"  class=\"panel-grid-cell\" ><div id=\"panel-554-5-0-0\" class=\"so-panel widget widget_sow-editor panel-first-child panel-last-child\" data-index=\"6\" ><div\n\t\t\t\n\t\t\tclass=\"so-widget-sow-editor so-widget-sow-editor-base\"\n\t\t\t\n\t\t>\n<div class=\"siteorigin-widget-tinymce textwidget\">\n\t<p><span lang=\"it-IT\"><strong>Per nuova costruzione:<\/strong> I nostri cassonetti <a href=\"http:\/\/www.rolltec.it\/cassonetti-rolltec\/?lang=it\" target=\"_blank\">Rolltec<\/a> sono adatti per qualsiasi spessore di muro. Sono stati esaminati dall\u2019 istituto IFT Rosenheim e dal Passive House Istituto Italia sulla resistenza contro suono, freddo e caldo e sono stati certificati. I valori che hanno ottenuti fanno parte dei migliori in Europa.<\/span><\/p>\n<\/div>\n<\/div><\/div><\/div><div id=\"pgc-554-5-1\"  class=\"panel-grid-cell\" ><div id=\"panel-554-5-1-0\" class=\"so-panel widget widget_sow-editor panel-first-child panel-last-child\" data-index=\"7\" ><div\n\t\t\t\n\t\t\tclass=\"so-widget-sow-editor so-widget-sow-editor-base\"\n\t\t\t\n\t\t>\n<div class=\"siteorigin-widget-tinymce textwidget\">\n\t<p><span lang=\"it-IT\"><strong>Per risanamento:<\/strong> I cassonetti compatti e a risparmio energetico vengono prodotti su misura nella nostra sede e vanno integrati senza grandi interventi sulla facciata o montati ulteriormente sull\u2019 architrave. Sono disponibili con motori radio o motori solari.<\/span><\/p>\n<\/div>\n<\/div><\/div><\/div><\/div><\/div><\/div><div class=\"grid-row-wrap\"><div class=\"grid-row-inner\"><div id=\"pg-554-6\"  class=\"panel-grid panel-has-style\" ><div class=\"panel-row-style panel-row-style-for-554-6\" ><div id=\"pgc-554-6-0\"  class=\"panel-grid-cell panel-grid-cell-empty\" ><\/div><\/div><\/div><\/div><\/div><div class=\"grid-row-wrap\"><div class=\"grid-row-inner\"><div id=\"pg-554-7\"  class=\"panel-grid panel-has-style\" ><div class=\"panel-row-style panel-row-style-for-554-7\" ><div id=\"pgc-554-7-0\"  class=\"panel-grid-cell\" ><div id=\"panel-554-7-0-0\" class=\"so-panel widget widget_quickcontactwidget panel-first-child panel-last-child\" data-index=\"8\" >\r\n      <section class=\"quickcontact\">\r\n        <div class=\"quickcontact-content\"><h2>Siamo a vostra disposizione<\/h2>\n<p>chiamateci al numero tel.<\/p>\n<h2>+39 0474 658023<\/h2>\n<p>o inviateci un\u2019e-mail:<\/p>\n<h2><a href=\"&#109;&#x61;&#x69;l&#116;&#x6f;:&#105;&#x6e;&#x66;o&#64;&#x65;l&#108;&#x65;&#x63;o&#115;&#x74;a&#46;&#x63;&#x6f;&#109;\">&#105;&#x6e;f&#111;&#x40;e&#108;&#x6c;e&#99;&#x6f;s&#116;&#x61;&#46;&#99;&#x6f;m<\/a><\/h2>\n<\/div>\r\n      <\/section>\r\n      <\/div><\/div><\/div><\/div><\/div><\/div><div class=\"grid-row-wrap\"><div class=\"grid-row-inner\"><div id=\"pg-554-8\"  class=\"panel-grid panel-no-style\" ><div id=\"pgc-554-8-0\"  class=\"panel-grid-cell\" ><div id=\"panel-554-8-0-0\" class=\"so-panel widget widget_siteorigin-panels-postloop panel-first-child panel-last-child\" data-index=\"9\" >\r\n\r\n<div class=\"post-grid-item\">\r\n\t<div class=\"post-grid-item-inner\">\r\n\t\t<div class=\"post-grid-item-wrap\">\r\n\t\t\t<img decoding=\"async\" class=\"grid-sizer\" src=\"https:\/\/ellecosta.com\/wp-content\/themes\/ellecosta\/assets\/images\/grid-sizer.png\" alt=\".\">\r\n\t\t\t<article class=\"post-grid-item-article has-image post-559 page type-page status-publish hentry\">\r\n\t\t\t\t<a href=\"https:\/\/ellecosta.com\/it\/frangisole\/\" style=\" background-image: url(https:\/\/ellecosta.com\/wp-content\/uploads\/2015\/10\/Ellecosta-Raffstore-01.jpg); \">\r\n\t\t\t\t\t<div class=\"post-grid-item-wrap-inner\">\r\n\t\t\t\t\t\t<div class=\"center-outer\">\r\n\t\t\t\t\t\t\t<div class=\"center-inner\">\r\n\t\t\t\t\t\t\t\t\t\t\t\t\t\t\t\t<header class=\"entry-header\">\r\n\t\t\t\t\t\t\t\t\t<h1 class=\"entry-title\">Frangisole<\/h1>\t\t\t\t\t\t\t\t<\/header>\r\n\t\t\t\t\t\t\t\t\t\t\t\t\t\t\t\t\t<p>il sistema mobile di protezione contro il sole<\/p>\r\n\t\t\t\t\t\t\t\t\t\t\t\t\t\t\t<\/div>\r\n\t\t\t\t\t\t<\/div>\r\n\t\t\t\t\t<\/div>\r\n\t\t\t\t<\/a>\r\n\t\t\t<\/article><!-- #post-## -->\r\n\t\t<\/div>\r\n\t<\/div>\r\n<\/div>\r\n\r\n\r\n<div class=\"post-grid-item\">\r\n\t<div class=\"post-grid-item-inner\">\r\n\t\t<div class=\"post-grid-item-wrap\">\r\n\t\t\t<img decoding=\"async\" class=\"grid-sizer\" src=\"https:\/\/ellecosta.com\/wp-content\/themes\/ellecosta\/assets\/images\/grid-sizer.png\" alt=\".\">\r\n\t\t\t<article class=\"post-grid-item-article has-icon has-background post-657 page type-page status-publish hentry\">\r\n\t\t\t\t<a href=\"https:\/\/ellecosta.com\/it\/controllo-della-luce-solare\/\" style=\" background-color: #bea8b5; \">\r\n\t\t\t\t\t<div class=\"post-grid-item-wrap-inner\">\r\n\t\t\t\t\t\t<div class=\"center-outer\">\r\n\t\t\t\t\t\t\t<div class=\"center-inner\">\r\n\t\t\t\t\t\t\t\t\t\t\t\t\t\t\t\t\t<div class=\"post-grid-item-icon\">\r\n\t\t\t\t\t\t\t\t\t\t<img loading=\"lazy\" decoding=\"async\" src=\"https:\/\/ellecosta.com\/wp-content\/uploads\/2016\/02\/Ellecosta-Icon-Sonnenschutz-weiss.png\" alt=\"\" width=\"125\" height=\"125\">\r\n\t\t\t\t\t\t\t\t\t<\/div>\r\n\t\t\t\t\t\t\t\t\t\t\t\t\t\t\t\t<header class=\"entry-header\">\r\n\t\t\t\t\t\t\t\t\t<h1 class=\"entry-title\">Controllo della luce solare<\/h1>\t\t\t\t\t\t\t\t<\/header>\r\n\t\t\t\t\t\t\t\t\t\t\t\t\t\t\t<\/div>\r\n\t\t\t\t\t\t<\/div>\r\n\t\t\t\t\t<\/div>\r\n\t\t\t\t<\/a>\r\n\t\t\t<\/article><!-- #post-## -->\r\n\t\t<\/div>\r\n\t<\/div>\r\n<\/div>\r\n\r\n\r\n<div class=\"post-grid-item\">\r\n\t<div class=\"post-grid-item-inner\">\r\n\t\t<div class=\"post-grid-item-wrap\">\r\n\t\t\t<img decoding=\"async\" class=\"grid-sizer\" src=\"https:\/\/ellecosta.com\/wp-content\/themes\/ellecosta\/assets\/images\/grid-sizer.png\" alt=\".\">\r\n\t\t\t<article class=\"post-grid-item-article has-image has-background post-568 page type-page status-publish has-post-thumbnail hentry\">\r\n\t\t\t\t<a href=\"https:\/\/ellecosta.com\/it\/tende-interne\/\" style=\" background-image: url(https:\/\/ellecosta.com\/wp-content\/uploads\/2020\/08\/Ellecosta-Flaechenvorhang-2.jpg);  background-color: #ffffff; \">\r\n\t\t\t\t\t<div class=\"post-grid-item-wrap-inner\">\r\n\t\t\t\t\t\t<div class=\"center-outer\">\r\n\t\t\t\t\t\t\t<div class=\"center-inner\">\r\n\t\t\t\t\t\t\t\t\t\t\t\t\t\t\t\t<header class=\"entry-header\">\r\n\t\t\t\t\t\t\t\t\t<h1 class=\"entry-title\">Tende interne<\/h1>\t\t\t\t\t\t\t\t<\/header>\r\n\t\t\t\t\t\t\t\t\t\t\t\t\t\t\t\t\t<p> Interior Design con la luce del sole<\/p>\r\n\t\t\t\t\t\t\t\t\t\t\t\t\t\t\t<\/div>\r\n\t\t\t\t\t\t<\/div>\r\n\t\t\t\t\t<\/div>\r\n\t\t\t\t<\/a>\r\n\t\t\t<\/article><!-- #post-## -->\r\n\t\t<\/div>\r\n\t<\/div>\r\n<\/div>\r\n\r\n\r\n<div class=\"post-grid-item\">\r\n\t<div class=\"post-grid-item-inner\">\r\n\t\t<div class=\"post-grid-item-wrap\">\r\n\t\t\t<img decoding=\"async\" class=\"grid-sizer\" src=\"https:\/\/ellecosta.com\/wp-content\/themes\/ellecosta\/assets\/images\/grid-sizer.png\" alt=\".\">\r\n\t\t\t<article class=\"post-grid-item-article has-icon has-background post-645 page type-page status-publish hentry\">\r\n\t\t\t\t<a href=\"https:\/\/ellecosta.com\/it\/risparmio-energetico\/\" style=\" background-color: #7fbec8; \">\r\n\t\t\t\t\t<div class=\"post-grid-item-wrap-inner\">\r\n\t\t\t\t\t\t<div class=\"center-outer\">\r\n\t\t\t\t\t\t\t<div class=\"center-inner\">\r\n\t\t\t\t\t\t\t\t\t\t\t\t\t\t\t\t\t<div class=\"post-grid-item-icon\">\r\n\t\t\t\t\t\t\t\t\t\t<img loading=\"lazy\" decoding=\"async\" src=\"https:\/\/ellecosta.com\/wp-content\/uploads\/2015\/10\/Energiesparen.png\" alt=\"\" width=\"125\" height=\"125\">\r\n\t\t\t\t\t\t\t\t\t<\/div>\r\n\t\t\t\t\t\t\t\t\t\t\t\t\t\t\t\t<header class=\"entry-header\">\r\n\t\t\t\t\t\t\t\t\t<h1 class=\"entry-title\">Risparmio energetico<\/h1>\t\t\t\t\t\t\t\t<\/header>\r\n\t\t\t\t\t\t\t\t\t\t\t\t\t\t\t<\/div>\r\n\t\t\t\t\t\t<\/div>\r\n\t\t\t\t\t<\/div>\r\n\t\t\t\t<\/a>\r\n\t\t\t<\/article><!-- #post-## -->\r\n\t\t<\/div>\r\n\t<\/div>\r\n<\/div>\r\n\r\n\r\n<div class=\"post-grid-item\">\r\n\t<div class=\"post-grid-item-inner\">\r\n\t\t<div class=\"post-grid-item-wrap\">\r\n\t\t\t<img decoding=\"async\" class=\"grid-sizer\" src=\"https:\/\/ellecosta.com\/wp-content\/themes\/ellecosta\/assets\/images\/grid-sizer.png\" alt=\".\">\r\n\t\t\t<article class=\"post-grid-item-article has-icon has-background post-656 page type-page status-publish hentry\">\r\n\t\t\t\t<a href=\"https:\/\/ellecosta.com\/it\/protezione-da-sguardi-indiscreti\/\" style=\" background-color: #7b726b; \">\r\n\t\t\t\t\t<div class=\"post-grid-item-wrap-inner\">\r\n\t\t\t\t\t\t<div class=\"center-outer\">\r\n\t\t\t\t\t\t\t<div class=\"center-inner\">\r\n\t\t\t\t\t\t\t\t\t\t\t\t\t\t\t\t\t<div class=\"post-grid-item-icon\">\r\n\t\t\t\t\t\t\t\t\t\t<img loading=\"lazy\" decoding=\"async\" src=\"https:\/\/ellecosta.com\/wp-content\/uploads\/2015\/10\/Sichtschutz.png\" alt=\"\" width=\"123\" height=\"124\">\r\n\t\t\t\t\t\t\t\t\t<\/div>\r\n\t\t\t\t\t\t\t\t\t\t\t\t\t\t\t\t<header class=\"entry-header\">\r\n\t\t\t\t\t\t\t\t\t<h1 class=\"entry-title\">Protezione da sguardi indiscreti<\/h1>\t\t\t\t\t\t\t\t<\/header>\r\n\t\t\t\t\t\t\t\t\t\t\t\t\t\t\t<\/div>\r\n\t\t\t\t\t\t<\/div>\r\n\t\t\t\t\t<\/div>\r\n\t\t\t\t<\/a>\r\n\t\t\t<\/article><!-- #post-## -->\r\n\t\t<\/div>\r\n\t<\/div>\r\n<\/div>\r\n\r\n\r\n<div class=\"post-grid-item\">\r\n\t<div class=\"post-grid-item-inner\">\r\n\t\t<div class=\"post-grid-item-wrap\">\r\n\t\t\t<img decoding=\"async\" class=\"grid-sizer\" src=\"https:\/\/ellecosta.com\/wp-content\/themes\/ellecosta\/assets\/images\/grid-sizer.png\" alt=\".\">\r\n\t\t\t<article class=\"post-grid-item-article has-image has-background post-554 page type-page status-publish hentry\">\r\n\t\t\t\t<a href=\"https:\/\/ellecosta.com\/it\/avvolgibili\/\" style=\" background-image: url(https:\/\/ellecosta.com\/wp-content\/uploads\/2020\/08\/Ellecosta-Rolllaeden-4-quadrat.jpg);  background-color: #ffffff; \">\r\n\t\t\t\t\t<div class=\"post-grid-item-wrap-inner\">\r\n\t\t\t\t\t\t<div class=\"center-outer\">\r\n\t\t\t\t\t\t\t<div class=\"center-inner\">\r\n\t\t\t\t\t\t\t\t\t\t\t\t\t\t\t\t<header class=\"entry-header\">\r\n\t\t\t\t\t\t\t\t\t<h1 class=\"entry-title\">Avvolgibili<\/h1>\t\t\t\t\t\t\t\t<\/header>\r\n\t\t\t\t\t\t\t\t\t\t\t\t\t\t\t\t\t<p>Protezione da luce, rumore, sguardi indiscreti e ospiti indesiderati<\/p>\r\n\t\t\t\t\t\t\t\t\t\t\t\t\t\t\t<\/div>\r\n\t\t\t\t\t\t<\/div>\r\n\t\t\t\t\t<\/div>\r\n\t\t\t\t<\/a>\r\n\t\t\t<\/article><!-- #post-## -->\r\n\t\t<\/div>\r\n\t<\/div>\r\n<\/div>\r\n\r\n\r\n<div class=\"post-grid-item\">\r\n\t<div class=\"post-grid-item-inner\">\r\n\t\t<div class=\"post-grid-item-wrap\">\r\n\t\t\t<img decoding=\"async\" class=\"grid-sizer\" src=\"https:\/\/ellecosta.com\/wp-content\/themes\/ellecosta\/assets\/images\/grid-sizer.png\" alt=\".\">\r\n\t\t\t<article class=\"post-grid-item-article has-icon has-background post-642 page type-page status-publish hentry\">\r\n\t\t\t\t<a href=\"https:\/\/ellecosta.com\/it\/protezione-dai-tentativi-di-effrazione\/\" style=\" background-color: #d7d0a5; \">\r\n\t\t\t\t\t<div class=\"post-grid-item-wrap-inner\">\r\n\t\t\t\t\t\t<div class=\"center-outer\">\r\n\t\t\t\t\t\t\t<div class=\"center-inner\">\r\n\t\t\t\t\t\t\t\t\t\t\t\t\t\t\t\t\t<div class=\"post-grid-item-icon\">\r\n\t\t\t\t\t\t\t\t\t\t<img loading=\"lazy\" decoding=\"async\" src=\"https:\/\/ellecosta.com\/wp-content\/uploads\/2015\/10\/Einbruchschutz.png\" alt=\"\" width=\"123\" height=\"125\">\r\n\t\t\t\t\t\t\t\t\t<\/div>\r\n\t\t\t\t\t\t\t\t\t\t\t\t\t\t\t\t<header class=\"entry-header\">\r\n\t\t\t\t\t\t\t\t\t<h1 class=\"entry-title\">Protezione dai tentativi di effrazione<\/h1>\t\t\t\t\t\t\t\t<\/header>\r\n\t\t\t\t\t\t\t\t\t\t\t\t\t\t\t<\/div>\r\n\t\t\t\t\t\t<\/div>\r\n\t\t\t\t\t<\/div>\r\n\t\t\t\t<\/a>\r\n\t\t\t<\/article><!-- #post-## -->\r\n\t\t<\/div>\r\n\t<\/div>\r\n<\/div>\r\n\r\n\r\n<div class=\"post-grid-item\">\r\n\t<div class=\"post-grid-item-inner\">\r\n\t\t<div class=\"post-grid-item-wrap\">\r\n\t\t\t<img decoding=\"async\" class=\"grid-sizer\" src=\"https:\/\/ellecosta.com\/wp-content\/themes\/ellecosta\/assets\/images\/grid-sizer.png\" alt=\".\">\r\n\t\t\t<article class=\"post-grid-item-article has-image has-background post-651 page type-page status-publish has-post-thumbnail hentry\">\r\n\t\t\t\t<a href=\"https:\/\/ellecosta.com\/it\/cassonetti-per-avvolgibili\/\" style=\" background-image: url(https:\/\/ellecosta.com\/wp-content\/uploads\/2015\/10\/Ellecosta-Rollokasten.png);  background-color: #ffffff; \">\r\n\t\t\t\t\t<div class=\"post-grid-item-wrap-inner\">\r\n\t\t\t\t\t\t<div class=\"center-outer\">\r\n\t\t\t\t\t\t\t<div class=\"center-inner\">\r\n\t\t\t\t\t\t\t\t\t\t\t\t\t\t\t\t<header class=\"entry-header\">\r\n\t\t\t\t\t\t\t\t\t<h1 class=\"entry-title\">Cassonetti per avvolgibili<\/h1>\t\t\t\t\t\t\t\t<\/header>\r\n\t\t\t\t\t\t\t\t\t\t\t\t\t\t\t\t\t<p>isolamento a regola d\u2019arte<\/p>\r\n\t\t\t\t\t\t\t\t\t\t\t\t\t\t\t<\/div>\r\n\t\t\t\t\t\t<\/div>\r\n\t\t\t\t\t<\/div>\r\n\t\t\t\t<\/a>\r\n\t\t\t<\/article><!-- #post-## -->\r\n\t\t<\/div>\r\n\t<\/div>\r\n<\/div>\r\n\r\n\r\n<div class=\"post-grid-item\">\r\n\t<div class=\"post-grid-item-inner\">\r\n\t\t<div class=\"post-grid-item-wrap\">\r\n\t\t\t<img decoding=\"async\" class=\"grid-sizer\" src=\"https:\/\/ellecosta.com\/wp-content\/themes\/ellecosta\/assets\/images\/grid-sizer.png\" alt=\".\">\r\n\t\t\t<article class=\"post-grid-item-article has-image has-background post-564 page type-page status-publish hentry\">\r\n\t\t\t\t<a href=\"https:\/\/ellecosta.com\/it\/tende-da-sole\/\" style=\" background-image: url(https:\/\/ellecosta.com\/wp-content\/uploads\/2015\/10\/Ellecosta-Markiese.png);  background-color: #ffffff; \">\r\n\t\t\t\t\t<div class=\"post-grid-item-wrap-inner\">\r\n\t\t\t\t\t\t<div class=\"center-outer\">\r\n\t\t\t\t\t\t\t<div class=\"center-inner\">\r\n\t\t\t\t\t\t\t\t\t\t\t\t\t\t\t\t<header class=\"entry-header\">\r\n\t\t\t\t\t\t\t\t\t<h1 class=\"entry-title\">Tende da sole<\/h1>\t\t\t\t\t\t\t\t<\/header>\r\n\t\t\t\t\t\t\t\t\t\t\t\t\t\t\t\t\t<p>...e l\u2019 estate pu\u00f3 venire<\/p>\r\n\t\t\t\t\t\t\t\t\t\t\t\t\t\t\t<\/div>\r\n\t\t\t\t\t\t<\/div>\r\n\t\t\t\t\t<\/div>\r\n\t\t\t\t<\/a>\r\n\t\t\t<\/article><!-- #post-## -->\r\n\t\t<\/div>\r\n\t<\/div>\r\n<\/div>\r\n\r\n\r\n<div class=\"post-grid-item\">\r\n\t<div class=\"post-grid-item-inner\">\r\n\t\t<div class=\"post-grid-item-wrap\">\r\n\t\t\t<img decoding=\"async\" class=\"grid-sizer\" src=\"https:\/\/ellecosta.com\/wp-content\/themes\/ellecosta\/assets\/images\/grid-sizer.png\" alt=\".\">\r\n\t\t\t<article class=\"post-grid-item-article has-icon has-background post-649 page type-page status-publish hentry\">\r\n\t\t\t\t<a href=\"https:\/\/ellecosta.com\/it\/isolamento-acustico\/\" style=\" background-color: #4ca4b2; \">\r\n\t\t\t\t\t<div class=\"post-grid-item-wrap-inner\">\r\n\t\t\t\t\t\t<div class=\"center-outer\">\r\n\t\t\t\t\t\t\t<div class=\"center-inner\">\r\n\t\t\t\t\t\t\t\t\t\t\t\t\t\t\t\t\t<div class=\"post-grid-item-icon\">\r\n\t\t\t\t\t\t\t\t\t\t<img loading=\"lazy\" decoding=\"async\" src=\"https:\/\/ellecosta.com\/wp-content\/uploads\/2015\/10\/Laermschutz.png\" alt=\"\" width=\"125\" height=\"126\">\r\n\t\t\t\t\t\t\t\t\t<\/div>\r\n\t\t\t\t\t\t\t\t\t\t\t\t\t\t\t\t<header class=\"entry-header\">\r\n\t\t\t\t\t\t\t\t\t<h1 class=\"entry-title\">Isolamento acustico<\/h1>\t\t\t\t\t\t\t\t<\/header>\r\n\t\t\t\t\t\t\t\t\t\t\t\t\t\t\t<\/div>\r\n\t\t\t\t\t\t<\/div>\r\n\t\t\t\t\t<\/div>\r\n\t\t\t\t<\/a>\r\n\t\t\t<\/article><!-- #post-## -->\r\n\t\t<\/div>\r\n\t<\/div>\r\n<\/div>\r\n\r\n\r\n<div class=\"post-grid-item\">\r\n\t<div class=\"post-grid-item-inner\">\r\n\t\t<div class=\"post-grid-item-wrap\">\r\n\t\t\t<img decoding=\"async\" class=\"grid-sizer\" src=\"https:\/\/ellecosta.com\/wp-content\/themes\/ellecosta\/assets\/images\/grid-sizer.png\" alt=\".\">\r\n\t\t\t<article class=\"post-grid-item-article has-image has-background post-572 page type-page status-publish hentry\">\r\n\t\t\t\t<a href=\"https:\/\/ellecosta.com\/it\/zanzariere\/\" style=\" background-image: url(https:\/\/ellecosta.com\/wp-content\/uploads\/2022\/08\/Ellecosta-Insektenschutz-Bora-2022-01.jpg);  background-color: #ffffff; \">\r\n\t\t\t\t\t<div class=\"post-grid-item-wrap-inner\">\r\n\t\t\t\t\t\t<div class=\"center-outer\">\r\n\t\t\t\t\t\t\t<div class=\"center-inner\">\r\n\t\t\t\t\t\t\t\t\t\t\t\t\t\t\t\t<header class=\"entry-header\">\r\n\t\t\t\t\t\t\t\t\t<h1 class=\"entry-title\">Zanzariere<\/h1>\t\t\t\t\t\t\t\t<\/header>\r\n\t\t\t\t\t\t\t\t\t\t\t\t\t\t\t\t\t<p>per finestre e per porte<\/p>\r\n\t\t\t\t\t\t\t\t\t\t\t\t\t\t\t<\/div>\r\n\t\t\t\t\t\t<\/div>\r\n\t\t\t\t\t<\/div>\r\n\t\t\t\t<\/a>\r\n\t\t\t<\/article><!-- #post-## -->\r\n\t\t<\/div>\r\n\t<\/div>\r\n<\/div>\r\n\r\n\r\n<div class=\"post-grid-item\">\r\n\t<div class=\"post-grid-item-inner\">\r\n\t\t<div class=\"post-grid-item-wrap\">\r\n\t\t\t<img decoding=\"async\" class=\"grid-sizer\" src=\"https:\/\/ellecosta.com\/wp-content\/themes\/ellecosta\/assets\/images\/grid-sizer.png\" alt=\".\">\r\n\t\t\t<article class=\"post-grid-item-article has-image post-928 page type-page status-publish hentry\">\r\n\t\t\t\t<a href=\"https:\/\/ellecosta.com\/it\/ziptex-it\/\" style=\" background-image: url(https:\/\/ellecosta.com\/wp-content\/uploads\/2020\/08\/Ziptex-Grid-Vorschaubild.jpg); \">\r\n\t\t\t\t\t<div class=\"post-grid-item-wrap-inner\">\r\n\t\t\t\t\t\t<div class=\"center-outer\">\r\n\t\t\t\t\t\t\t<div class=\"center-inner\">\r\n\t\t\t\t\t\t\t\t\t\t\t\t\t\t\t\t<header class=\"entry-header\">\r\n\t\t\t\t\t\t\t\t\t<h1 class=\"entry-title\">Ziptex<\/h1>\t\t\t\t\t\t\t\t<\/header>\r\n\t\t\t\t\t\t\t\t\t\t\t\t\t\t\t\t\t<p>la novit\u00e0 nel mondo della protezione solare<\/p>\r\n\t\t\t\t\t\t\t\t\t\t\t\t\t\t\t<\/div>\r\n\t\t\t\t\t\t<\/div>\r\n\t\t\t\t\t<\/div>\r\n\t\t\t\t<\/a>\r\n\t\t\t<\/article><!-- #post-## -->\r\n\t\t<\/div>\r\n\t<\/div>\r\n<\/div>\r\n<\/div><\/div><\/div><\/div><\/div><\/div>","protected":false},"excerpt":{"rendered":"<p>Ziptex La Ziptex \u00e8 la novit\u00e0 pi\u00f9 curiosa che c\u2019\u00e8 nel mondo della protezione solare. Le stoffe tessili sono resistenti alla luce UV, idrofughi e antimacchia. La resistenza contro il tempo e anche il vento (fino a 80 km\/h) sono un punto importante e per cui sono spesso la prima scelta per l\u2019area esterna. Il [&hellip;]<\/p>\n","protected":false},"author":1,"featured_media":0,"parent":0,"menu_order":0,"comment_status":"closed","ping_status":"closed","template":"","meta":{"footnotes":""},"class_list":["post-554","page","type-page","status-publish","hentry"],"acf":[],"_links":{"self":[{"href":"https:\/\/ellecosta.com\/it\/wp-json\/wp\/v2\/pages\/554","targetHints":{"allow":["GET"]}}],"collection":[{"href":"https:\/\/ellecosta.com\/it\/wp-json\/wp\/v2\/pages"}],"about":[{"href":"https:\/\/ellecosta.com\/it\/wp-json\/wp\/v2\/types\/page"}],"author":[{"embeddable":true,"href":"https:\/\/ellecosta.com\/it\/wp-json\/wp\/v2\/users\/1"}],"replies":[{"embeddable":true,"href":"https:\/\/ellecosta.com\/it\/wp-json\/wp\/v2\/comments?post=554"}],"version-history":[{"count":0,"href":"https:\/\/ellecosta.com\/it\/wp-json\/wp\/v2\/pages\/554\/revisions"}],"wp:attachment":[{"href":"https:\/\/ellecosta.com\/it\/wp-json\/wp\/v2\/media?parent=554"}],"curies":[{"name":"wp","href":"https:\/\/api.w.org\/{rel}","templated":true}]}}