{"id":1427,"date":"2025-02-12T09:06:59","date_gmt":"2025-02-12T08:06:59","guid":{"rendered":"https:\/\/ellecosta.com\/?page_id=1427"},"modified":"2025-02-12T09:11:11","modified_gmt":"2025-02-12T08:11:11","slug":"frangisole-2","status":"publish","type":"page","link":"https:\/\/ellecosta.com\/it\/frangisole-2\/","title":{"rendered":"Porte avvolgibili"},"content":{"rendered":"<div id=\"pl-1427\"  class=\"panel-layout\" ><div class=\"grid-row-wrap\"><div class=\"grid-row-inner\"><div id=\"pg-1427-0\"  class=\"panel-grid panel-no-style\" ><div id=\"pgc-1427-0-0\"  class=\"panel-grid-cell panel-grid-cell-empty\" ><\/div><\/div><\/div><\/div><div class=\"grid-row-wrap\"><div class=\"grid-row-inner\"><div id=\"pg-1427-1\"  class=\"panel-grid panel-no-style\" ><div id=\"pgc-1427-1-0\"  class=\"panel-grid-cell\" ><div id=\"panel-1427-1-0-0\" class=\"so-panel widget widget_sow-headline panel-first-child panel-last-child\" data-index=\"0\" ><div\n\t\t\t\n\t\t\tclass=\"so-widget-sow-headline so-widget-sow-headline-default-03370dd38a18-1427\"\n\t\t\t\n\t\t><div class=\"sow-headline-container \">\n\t\t\t\t\t\t\t<h1 class=\"sow-headline\">\n\t\t\t\t\t\tPorte avvolgibili Ellecosta - per una maggiore comodit\u00e0 e sicurezza\t\t\t\t\t\t<\/h1>\n\t\t\t\t\t\t\t\t\t\t\t<div class=\"decoration\">\n\t\t\t\t\t\t<div class=\"decoration-inside\"><\/div>\n\t\t\t\t\t<\/div>\n\t\t\t\t\t<\/div>\n<\/div><\/div><\/div><\/div><\/div><\/div><div class=\"grid-row-wrap\"><div class=\"grid-row-inner\"><div id=\"pg-1427-2\"  class=\"panel-grid panel-no-style\" ><div id=\"pgc-1427-2-0\"  class=\"panel-grid-cell\" ><div id=\"panel-1427-2-0-0\" class=\"so-panel widget widget_sow-editor panel-first-child panel-last-child\" data-index=\"1\" ><div\n\t\t\t\n\t\t\tclass=\"so-widget-sow-editor so-widget-sow-editor-base\"\n\t\t\t\n\t\t>\n<div class=\"siteorigin-widget-tinymce textwidget\">\n\t<p>Le porte a rullo Ellecosta offrono innovative porte a rullo che garantiscono la massima comodit\u00e0 e sicurezza per il vostro garage. La porta pu\u00f2 essere arrotolata per risparmiare spazio e consente di sfruttare appieno lo spazio del garage. Ideale per i garage con poco spazio davanti al passo carraio, in quanto il veicolo pu\u00f2 essere parcheggiato direttamente davanti ad essa senza bloccare il passo carraio.<\/p>\n<\/div>\n<\/div><\/div><\/div><div id=\"pgc-1427-2-1\"  class=\"panel-grid-cell\" ><div id=\"panel-1427-2-1-0\" class=\"so-panel widget widget_sow-editor panel-first-child panel-last-child\" data-index=\"2\" ><div\n\t\t\t\n\t\t\tclass=\"so-widget-sow-editor so-widget-sow-editor-base\"\n\t\t\t\n\t\t>\n<div class=\"siteorigin-widget-tinymce textwidget\">\n\t<p>Grazie alla tecnologia pi\u00f9 avanzata, la porta avvolgibile offre un comodo controllo radio, un'elevata resistenza all'effrazione e il rilevamento automatico della posizione finale. Con un'ampia gamma di colori e dimensioni individuali, la porta si adatta perfettamente a qualsiasi architettura. Perfetta per chi apprezza funzionalit\u00e0, sicurezza e design moderno.<\/p>\n<p><strong>Scoprite i vantaggi di questa porta a tapparella e rendete il vostro garage ancora pi\u00f9 comodo!<\/strong><\/p>\n<\/div>\n<\/div><\/div><\/div><\/div><\/div><\/div><div class=\"grid-row-wrap\"><div class=\"grid-row-inner\"><div id=\"pg-1427-3\"  class=\"panel-grid panel-no-style\" ><div id=\"pgc-1427-3-0\"  class=\"panel-grid-cell\" ><div id=\"panel-1427-3-0-0\" class=\"so-panel widget widget_sow-image panel-first-child panel-last-child\" data-index=\"3\" ><div\n\t\t\t\n\t\t\tclass=\"so-widget-sow-image so-widget-sow-image-default-8b5b6f678277-1427\"\n\t\t\t\n\t\t>\n<div class=\"sow-image-container\">\n\t\t<img loading=\"lazy\" decoding=\"async\" src=\"https:\/\/ellecosta.com\/wp-content\/uploads\/2016\/02\/Ellecosta-button-garanzia-it-2-anni.png\" width=\"401\" height=\"198\" sizes=\"auto, (max-width: 401px) 100vw, 401px\" alt=\"Ellecosta-button-garanzia-it-2-anni\" \t\tclass=\"so-widget-image\"\/>\n\t<\/div>\n\n<\/div><\/div><\/div><\/div><\/div><\/div><div class=\"grid-row-wrap\"><div class=\"grid-row-inner\"><div id=\"pg-1427-4\"  class=\"panel-grid panel-has-style\" ><div class=\"panel-row-style panel-row-style-for-1427-4\" ><div id=\"pgc-1427-4-0\"  class=\"panel-grid-cell\" ><div id=\"panel-1427-4-0-0\" class=\"so-panel widget widget_benefits-widget panel-first-child panel-last-child\" data-index=\"4\" ><div class=\"panel-widget-style panel-widget-style-for-1427-4-0-0\" ><div\n\t\t\t\n\t\t\tclass=\"so-widget-benefits-widget so-widget-benefits-widget-base\"\n\t\t\t\n\t\t><div class=\"benefits\">\r\n  <div class=\"benefits-content\">\r\n    <h2><span lang=\"it-IT\"><b>Ellecosta porte avvolgibili<\/b><\/span><\/h2>\n<p>Produzione personalizzata<\/p>\n<p>Installazione facile e veloce<\/p>\n<p>Soffitto del garage libero per lo spazio di archiviazione<\/p>\n<p>Fino a 6 metri di larghezza con una superficie massima di 20 m2<\/p>\n<p>Con radiocomando e trasmettitore portatile su richiesta<\/p>\n<p>Possibilit\u00e0 di utilizzare l'avanzata tecnologia wireless Homelink<\/p>\n<p>Dispositivo antisollevamento per una maggiore protezione antieffrazione (opzionale)<\/p>\n<p>La fascia terminale inclinata pu\u00f2 essere utilizzata su tutta la larghezza della porta fino a un dislivello massimo di 300 mm<\/p>\n<p>Apertura di emergenza bloccabile tramite manovella<\/p>\n<p>Ampia gamma di accessori elettronici, come ad esempio le barriere luminose<\/p>\n<p>Facile da installare<\/p>\n<p>Varie forme di box<\/p>\n  <\/div>\r\n  <div class=\"benefits-icons\">\r\n          <div class=\"benefit-icon\">\r\n        <div class=\"benefit-icon-image\">\r\n          <img loading=\"lazy\" decoding=\"async\" width=\"62\" height=\"62\" src=\"https:\/\/ellecosta.com\/wp-content\/uploads\/2015\/10\/icon-2.png\" class=\"attachment-full size-full\" alt=\"Ellecosta-Energiesparen-62x62\" \/>        <\/div>\r\n                  <div class=\"benefit-icon-tooltip\">\r\n            <div class=\"benefit-icon-tooltip-inner\">Energiesparen<\/div>\r\n          <\/div>\r\n              <\/div>\r\n          <div class=\"benefit-icon\">\r\n        <div class=\"benefit-icon-image\">\r\n          <img loading=\"lazy\" decoding=\"async\" width=\"62\" height=\"62\" src=\"https:\/\/ellecosta.com\/wp-content\/uploads\/2015\/10\/icon-3.png\" class=\"attachment-full size-full\" alt=\"Ellecosta-Sichtschutz-62x62\" \/>        <\/div>\r\n                  <div class=\"benefit-icon-tooltip\">\r\n            <div class=\"benefit-icon-tooltip-inner\">Sichtschutz<\/div>\r\n          <\/div>\r\n              <\/div>\r\n          <div class=\"benefit-icon\">\r\n        <div class=\"benefit-icon-image\">\r\n          <img loading=\"lazy\" decoding=\"async\" width=\"62\" height=\"62\" src=\"https:\/\/ellecosta.com\/wp-content\/uploads\/2015\/10\/Ellecosta-Sonnenschutz.png\" class=\"attachment-full size-full\" alt=\"Ellecosta-Sonnenschutz\" \/>        <\/div>\r\n                  <div class=\"benefit-icon-tooltip\">\r\n            <div class=\"benefit-icon-tooltip-inner\">Sonnenschutz<\/div>\r\n          <\/div>\r\n              <\/div>\r\n      <\/div>\r\n<\/div><\/div><\/div><\/div><\/div><\/div><\/div><\/div><\/div><div class=\"grid-row-wrap\"><div class=\"grid-row-inner\"><div id=\"pg-1427-5\"  class=\"panel-grid panel-has-style\" ><div class=\"panel-row-style panel-row-style-for-1427-5\" ><div id=\"pgc-1427-5-0\"  class=\"panel-grid-cell panel-grid-cell-empty\" ><\/div><\/div><\/div><\/div><\/div><div class=\"grid-row-wrap\"><div class=\"grid-row-inner\"><div id=\"pg-1427-6\"  class=\"panel-grid panel-no-style\" ><div id=\"pgc-1427-6-0\"  class=\"panel-grid-cell panel-grid-cell-empty\" ><\/div><\/div><\/div><\/div><div class=\"grid-row-wrap\"><div class=\"grid-row-inner\"><div id=\"pg-1427-7\"  class=\"panel-grid panel-no-style\" ><div id=\"pgc-1427-7-0\"  class=\"panel-grid-cell panel-grid-cell-empty\" ><\/div><\/div><\/div><\/div><div class=\"grid-row-wrap\"><div class=\"grid-row-inner\"><div id=\"pg-1427-8\"  class=\"panel-grid panel-no-style\" ><div id=\"pgc-1427-8-0\"  class=\"panel-grid-cell panel-grid-cell-empty\" ><\/div><\/div><\/div><\/div><div class=\"grid-row-wrap\"><div class=\"grid-row-inner\"><div id=\"pg-1427-9\"  class=\"panel-grid panel-no-style\" ><div id=\"pgc-1427-9-0\"  class=\"panel-grid-cell panel-grid-cell-empty\" ><\/div><\/div><\/div><\/div><div class=\"grid-row-wrap\"><div class=\"grid-row-inner\"><div id=\"pg-1427-10\"  class=\"panel-grid panel-has-style\" ><div class=\"panel-row-style panel-row-style-for-1427-10\" ><div id=\"pgc-1427-10-0\"  class=\"panel-grid-cell\" ><div id=\"panel-1427-10-0-0\" class=\"so-panel widget widget_quickcontactwidget panel-first-child panel-last-child\" data-index=\"5\" >\r\n      <section class=\"quickcontact\">\r\n        <div class=\"quickcontact-content\"><h2>Siamo a vostra disposizione<\/h2>\n<p>chiamateci al numero tel.<\/p>\n<h2>+39 0474 658023<\/h2>\n<p>o inviateci un\u2019e-mail:<\/p>\n<h2><a href=\"&#x6d;&#97;&#105;l&#x74;&#x6f;&#58;i&#x6e;&#x66;&#111;&#64;&#x65;&#x6c;&#108;e&#x63;&#x6f;&#115;t&#x61;&#x2e;&#99;o&#x6d;\">inf&#111;&#64;&#101;&#x6c;&#x6c;&#x65;&#x63;&#x6f;&#x73;ta&#46;&#99;&#111;&#109;<\/a><\/h2>\n<\/div>\r\n      <\/section>\r\n      <\/div><\/div><\/div><\/div><\/div><\/div><div class=\"grid-row-wrap\"><div class=\"grid-row-inner\"><div id=\"pg-1427-11\"  class=\"panel-grid panel-no-style\" ><div id=\"pgc-1427-11-0\"  class=\"panel-grid-cell\" ><div id=\"panel-1427-11-0-0\" class=\"so-panel widget widget_siteorigin-panels-postloop panel-first-child panel-last-child\" data-index=\"6\" >\r\n\r\n<div class=\"post-grid-item\">\r\n\t<div class=\"post-grid-item-inner\">\r\n\t\t<div class=\"post-grid-item-wrap\">\r\n\t\t\t<img decoding=\"async\" class=\"grid-sizer\" src=\"https:\/\/ellecosta.com\/wp-content\/themes\/ellecosta\/assets\/images\/grid-sizer.png\" alt=\".\">\r\n\t\t\t<article class=\"post-grid-item-article has-image post-559 page type-page status-publish hentry\">\r\n\t\t\t\t<a href=\"https:\/\/ellecosta.com\/it\/frangisole\/\" style=\" background-image: url(https:\/\/ellecosta.com\/wp-content\/uploads\/2015\/10\/Ellecosta-Raffstore-01.jpg); \">\r\n\t\t\t\t\t<div class=\"post-grid-item-wrap-inner\">\r\n\t\t\t\t\t\t<div class=\"center-outer\">\r\n\t\t\t\t\t\t\t<div class=\"center-inner\">\r\n\t\t\t\t\t\t\t\t\t\t\t\t\t\t\t\t<header class=\"entry-header\">\r\n\t\t\t\t\t\t\t\t\t<h1 class=\"entry-title\">Frangisole<\/h1>\t\t\t\t\t\t\t\t<\/header>\r\n\t\t\t\t\t\t\t\t\t\t\t\t\t\t\t\t\t<p>il sistema mobile di protezione contro il sole<\/p>\r\n\t\t\t\t\t\t\t\t\t\t\t\t\t\t\t<\/div>\r\n\t\t\t\t\t\t<\/div>\r\n\t\t\t\t\t<\/div>\r\n\t\t\t\t<\/a>\r\n\t\t\t<\/article><!-- #post-## -->\r\n\t\t<\/div>\r\n\t<\/div>\r\n<\/div>\r\n\r\n\r\n<div class=\"post-grid-item\">\r\n\t<div class=\"post-grid-item-inner\">\r\n\t\t<div class=\"post-grid-item-wrap\">\r\n\t\t\t<img decoding=\"async\" class=\"grid-sizer\" src=\"https:\/\/ellecosta.com\/wp-content\/themes\/ellecosta\/assets\/images\/grid-sizer.png\" alt=\".\">\r\n\t\t\t<article class=\"post-grid-item-article has-icon has-background post-657 page type-page status-publish hentry\">\r\n\t\t\t\t<a href=\"https:\/\/ellecosta.com\/it\/controllo-della-luce-solare\/\" style=\" background-color: #bea8b5; \">\r\n\t\t\t\t\t<div class=\"post-grid-item-wrap-inner\">\r\n\t\t\t\t\t\t<div class=\"center-outer\">\r\n\t\t\t\t\t\t\t<div class=\"center-inner\">\r\n\t\t\t\t\t\t\t\t\t\t\t\t\t\t\t\t\t<div class=\"post-grid-item-icon\">\r\n\t\t\t\t\t\t\t\t\t\t<img loading=\"lazy\" decoding=\"async\" src=\"https:\/\/ellecosta.com\/wp-content\/uploads\/2016\/02\/Ellecosta-Icon-Sonnenschutz-weiss.png\" alt=\"\" width=\"125\" height=\"125\">\r\n\t\t\t\t\t\t\t\t\t<\/div>\r\n\t\t\t\t\t\t\t\t\t\t\t\t\t\t\t\t<header class=\"entry-header\">\r\n\t\t\t\t\t\t\t\t\t<h1 class=\"entry-title\">Controllo della luce solare<\/h1>\t\t\t\t\t\t\t\t<\/header>\r\n\t\t\t\t\t\t\t\t\t\t\t\t\t\t\t<\/div>\r\n\t\t\t\t\t\t<\/div>\r\n\t\t\t\t\t<\/div>\r\n\t\t\t\t<\/a>\r\n\t\t\t<\/article><!-- #post-## -->\r\n\t\t<\/div>\r\n\t<\/div>\r\n<\/div>\r\n\r\n\r\n<div class=\"post-grid-item\">\r\n\t<div class=\"post-grid-item-inner\">\r\n\t\t<div class=\"post-grid-item-wrap\">\r\n\t\t\t<img decoding=\"async\" class=\"grid-sizer\" src=\"https:\/\/ellecosta.com\/wp-content\/themes\/ellecosta\/assets\/images\/grid-sizer.png\" alt=\".\">\r\n\t\t\t<article class=\"post-grid-item-article has-image has-background post-568 page type-page status-publish has-post-thumbnail hentry\">\r\n\t\t\t\t<a href=\"https:\/\/ellecosta.com\/it\/tende-interne\/\" style=\" background-image: url(https:\/\/ellecosta.com\/wp-content\/uploads\/2020\/08\/Ellecosta-Flaechenvorhang-2.jpg);  background-color: #ffffff; \">\r\n\t\t\t\t\t<div class=\"post-grid-item-wrap-inner\">\r\n\t\t\t\t\t\t<div class=\"center-outer\">\r\n\t\t\t\t\t\t\t<div class=\"center-inner\">\r\n\t\t\t\t\t\t\t\t\t\t\t\t\t\t\t\t<header class=\"entry-header\">\r\n\t\t\t\t\t\t\t\t\t<h1 class=\"entry-title\">Tende interne<\/h1>\t\t\t\t\t\t\t\t<\/header>\r\n\t\t\t\t\t\t\t\t\t\t\t\t\t\t\t\t\t<p> Interior Design con la luce del sole<\/p>\r\n\t\t\t\t\t\t\t\t\t\t\t\t\t\t\t<\/div>\r\n\t\t\t\t\t\t<\/div>\r\n\t\t\t\t\t<\/div>\r\n\t\t\t\t<\/a>\r\n\t\t\t<\/article><!-- #post-## -->\r\n\t\t<\/div>\r\n\t<\/div>\r\n<\/div>\r\n\r\n\r\n<div class=\"post-grid-item\">\r\n\t<div class=\"post-grid-item-inner\">\r\n\t\t<div class=\"post-grid-item-wrap\">\r\n\t\t\t<img decoding=\"async\" class=\"grid-sizer\" src=\"https:\/\/ellecosta.com\/wp-content\/themes\/ellecosta\/assets\/images\/grid-sizer.png\" alt=\".\">\r\n\t\t\t<article class=\"post-grid-item-article has-icon has-background post-645 page type-page status-publish hentry\">\r\n\t\t\t\t<a href=\"https:\/\/ellecosta.com\/it\/risparmio-energetico\/\" style=\" background-color: #7fbec8; \">\r\n\t\t\t\t\t<div class=\"post-grid-item-wrap-inner\">\r\n\t\t\t\t\t\t<div class=\"center-outer\">\r\n\t\t\t\t\t\t\t<div class=\"center-inner\">\r\n\t\t\t\t\t\t\t\t\t\t\t\t\t\t\t\t\t<div class=\"post-grid-item-icon\">\r\n\t\t\t\t\t\t\t\t\t\t<img loading=\"lazy\" decoding=\"async\" src=\"https:\/\/ellecosta.com\/wp-content\/uploads\/2015\/10\/Energiesparen.png\" alt=\"\" width=\"125\" height=\"125\">\r\n\t\t\t\t\t\t\t\t\t<\/div>\r\n\t\t\t\t\t\t\t\t\t\t\t\t\t\t\t\t<header class=\"entry-header\">\r\n\t\t\t\t\t\t\t\t\t<h1 class=\"entry-title\">Risparmio energetico<\/h1>\t\t\t\t\t\t\t\t<\/header>\r\n\t\t\t\t\t\t\t\t\t\t\t\t\t\t\t<\/div>\r\n\t\t\t\t\t\t<\/div>\r\n\t\t\t\t\t<\/div>\r\n\t\t\t\t<\/a>\r\n\t\t\t<\/article><!-- #post-## -->\r\n\t\t<\/div>\r\n\t<\/div>\r\n<\/div>\r\n\r\n\r\n<div class=\"post-grid-item\">\r\n\t<div class=\"post-grid-item-inner\">\r\n\t\t<div class=\"post-grid-item-wrap\">\r\n\t\t\t<img decoding=\"async\" class=\"grid-sizer\" src=\"https:\/\/ellecosta.com\/wp-content\/themes\/ellecosta\/assets\/images\/grid-sizer.png\" alt=\".\">\r\n\t\t\t<article class=\"post-grid-item-article has-icon has-background post-656 page type-page status-publish hentry\">\r\n\t\t\t\t<a href=\"https:\/\/ellecosta.com\/it\/protezione-da-sguardi-indiscreti\/\" style=\" background-color: #7b726b; \">\r\n\t\t\t\t\t<div class=\"post-grid-item-wrap-inner\">\r\n\t\t\t\t\t\t<div class=\"center-outer\">\r\n\t\t\t\t\t\t\t<div class=\"center-inner\">\r\n\t\t\t\t\t\t\t\t\t\t\t\t\t\t\t\t\t<div class=\"post-grid-item-icon\">\r\n\t\t\t\t\t\t\t\t\t\t<img loading=\"lazy\" decoding=\"async\" src=\"https:\/\/ellecosta.com\/wp-content\/uploads\/2015\/10\/Sichtschutz.png\" alt=\"\" width=\"123\" height=\"124\">\r\n\t\t\t\t\t\t\t\t\t<\/div>\r\n\t\t\t\t\t\t\t\t\t\t\t\t\t\t\t\t<header class=\"entry-header\">\r\n\t\t\t\t\t\t\t\t\t<h1 class=\"entry-title\">Protezione da sguardi indiscreti<\/h1>\t\t\t\t\t\t\t\t<\/header>\r\n\t\t\t\t\t\t\t\t\t\t\t\t\t\t\t<\/div>\r\n\t\t\t\t\t\t<\/div>\r\n\t\t\t\t\t<\/div>\r\n\t\t\t\t<\/a>\r\n\t\t\t<\/article><!-- #post-## -->\r\n\t\t<\/div>\r\n\t<\/div>\r\n<\/div>\r\n\r\n\r\n<div class=\"post-grid-item\">\r\n\t<div class=\"post-grid-item-inner\">\r\n\t\t<div class=\"post-grid-item-wrap\">\r\n\t\t\t<img decoding=\"async\" class=\"grid-sizer\" src=\"https:\/\/ellecosta.com\/wp-content\/themes\/ellecosta\/assets\/images\/grid-sizer.png\" alt=\".\">\r\n\t\t\t<article class=\"post-grid-item-article has-image has-background post-554 page type-page status-publish hentry\">\r\n\t\t\t\t<a href=\"https:\/\/ellecosta.com\/it\/avvolgibili\/\" style=\" background-image: url(https:\/\/ellecosta.com\/wp-content\/uploads\/2020\/08\/Ellecosta-Rolllaeden-4-quadrat.jpg);  background-color: #ffffff; \">\r\n\t\t\t\t\t<div class=\"post-grid-item-wrap-inner\">\r\n\t\t\t\t\t\t<div class=\"center-outer\">\r\n\t\t\t\t\t\t\t<div class=\"center-inner\">\r\n\t\t\t\t\t\t\t\t\t\t\t\t\t\t\t\t<header class=\"entry-header\">\r\n\t\t\t\t\t\t\t\t\t<h1 class=\"entry-title\">Avvolgibili<\/h1>\t\t\t\t\t\t\t\t<\/header>\r\n\t\t\t\t\t\t\t\t\t\t\t\t\t\t\t\t\t<p>Protezione da luce, rumore, sguardi indiscreti e ospiti indesiderati<\/p>\r\n\t\t\t\t\t\t\t\t\t\t\t\t\t\t\t<\/div>\r\n\t\t\t\t\t\t<\/div>\r\n\t\t\t\t\t<\/div>\r\n\t\t\t\t<\/a>\r\n\t\t\t<\/article><!-- #post-## -->\r\n\t\t<\/div>\r\n\t<\/div>\r\n<\/div>\r\n\r\n\r\n<div class=\"post-grid-item\">\r\n\t<div class=\"post-grid-item-inner\">\r\n\t\t<div class=\"post-grid-item-wrap\">\r\n\t\t\t<img decoding=\"async\" class=\"grid-sizer\" src=\"https:\/\/ellecosta.com\/wp-content\/themes\/ellecosta\/assets\/images\/grid-sizer.png\" alt=\".\">\r\n\t\t\t<article class=\"post-grid-item-article has-icon has-background post-642 page type-page status-publish hentry\">\r\n\t\t\t\t<a href=\"https:\/\/ellecosta.com\/it\/protezione-dai-tentativi-di-effrazione\/\" style=\" background-color: #d7d0a5; \">\r\n\t\t\t\t\t<div class=\"post-grid-item-wrap-inner\">\r\n\t\t\t\t\t\t<div class=\"center-outer\">\r\n\t\t\t\t\t\t\t<div class=\"center-inner\">\r\n\t\t\t\t\t\t\t\t\t\t\t\t\t\t\t\t\t<div class=\"post-grid-item-icon\">\r\n\t\t\t\t\t\t\t\t\t\t<img loading=\"lazy\" decoding=\"async\" src=\"https:\/\/ellecosta.com\/wp-content\/uploads\/2015\/10\/Einbruchschutz.png\" alt=\"\" width=\"123\" height=\"125\">\r\n\t\t\t\t\t\t\t\t\t<\/div>\r\n\t\t\t\t\t\t\t\t\t\t\t\t\t\t\t\t<header class=\"entry-header\">\r\n\t\t\t\t\t\t\t\t\t<h1 class=\"entry-title\">Protezione dai tentativi di effrazione<\/h1>\t\t\t\t\t\t\t\t<\/header>\r\n\t\t\t\t\t\t\t\t\t\t\t\t\t\t\t<\/div>\r\n\t\t\t\t\t\t<\/div>\r\n\t\t\t\t\t<\/div>\r\n\t\t\t\t<\/a>\r\n\t\t\t<\/article><!-- #post-## -->\r\n\t\t<\/div>\r\n\t<\/div>\r\n<\/div>\r\n\r\n\r\n<div class=\"post-grid-item\">\r\n\t<div class=\"post-grid-item-inner\">\r\n\t\t<div class=\"post-grid-item-wrap\">\r\n\t\t\t<img decoding=\"async\" class=\"grid-sizer\" src=\"https:\/\/ellecosta.com\/wp-content\/themes\/ellecosta\/assets\/images\/grid-sizer.png\" alt=\".\">\r\n\t\t\t<article class=\"post-grid-item-article has-image has-background post-651 page type-page status-publish has-post-thumbnail hentry\">\r\n\t\t\t\t<a href=\"https:\/\/ellecosta.com\/it\/cassonetti-per-avvolgibili\/\" style=\" background-image: url(https:\/\/ellecosta.com\/wp-content\/uploads\/2015\/10\/Ellecosta-Rollokasten.png);  background-color: #ffffff; \">\r\n\t\t\t\t\t<div class=\"post-grid-item-wrap-inner\">\r\n\t\t\t\t\t\t<div class=\"center-outer\">\r\n\t\t\t\t\t\t\t<div class=\"center-inner\">\r\n\t\t\t\t\t\t\t\t\t\t\t\t\t\t\t\t<header class=\"entry-header\">\r\n\t\t\t\t\t\t\t\t\t<h1 class=\"entry-title\">Cassonetti per avvolgibili<\/h1>\t\t\t\t\t\t\t\t<\/header>\r\n\t\t\t\t\t\t\t\t\t\t\t\t\t\t\t\t\t<p>isolamento a regola d\u2019arte<\/p>\r\n\t\t\t\t\t\t\t\t\t\t\t\t\t\t\t<\/div>\r\n\t\t\t\t\t\t<\/div>\r\n\t\t\t\t\t<\/div>\r\n\t\t\t\t<\/a>\r\n\t\t\t<\/article><!-- #post-## -->\r\n\t\t<\/div>\r\n\t<\/div>\r\n<\/div>\r\n\r\n\r\n<div class=\"post-grid-item\">\r\n\t<div class=\"post-grid-item-inner\">\r\n\t\t<div class=\"post-grid-item-wrap\">\r\n\t\t\t<img decoding=\"async\" class=\"grid-sizer\" src=\"https:\/\/ellecosta.com\/wp-content\/themes\/ellecosta\/assets\/images\/grid-sizer.png\" alt=\".\">\r\n\t\t\t<article class=\"post-grid-item-article has-image has-background post-564 page type-page status-publish hentry\">\r\n\t\t\t\t<a href=\"https:\/\/ellecosta.com\/it\/tende-da-sole\/\" style=\" background-image: url(https:\/\/ellecosta.com\/wp-content\/uploads\/2015\/10\/Ellecosta-Markiese.png);  background-color: #ffffff; \">\r\n\t\t\t\t\t<div class=\"post-grid-item-wrap-inner\">\r\n\t\t\t\t\t\t<div class=\"center-outer\">\r\n\t\t\t\t\t\t\t<div class=\"center-inner\">\r\n\t\t\t\t\t\t\t\t\t\t\t\t\t\t\t\t<header class=\"entry-header\">\r\n\t\t\t\t\t\t\t\t\t<h1 class=\"entry-title\">Tende da sole<\/h1>\t\t\t\t\t\t\t\t<\/header>\r\n\t\t\t\t\t\t\t\t\t\t\t\t\t\t\t\t\t<p>...e l\u2019 estate pu\u00f3 venire<\/p>\r\n\t\t\t\t\t\t\t\t\t\t\t\t\t\t\t<\/div>\r\n\t\t\t\t\t\t<\/div>\r\n\t\t\t\t\t<\/div>\r\n\t\t\t\t<\/a>\r\n\t\t\t<\/article><!-- #post-## -->\r\n\t\t<\/div>\r\n\t<\/div>\r\n<\/div>\r\n\r\n\r\n<div class=\"post-grid-item\">\r\n\t<div class=\"post-grid-item-inner\">\r\n\t\t<div class=\"post-grid-item-wrap\">\r\n\t\t\t<img decoding=\"async\" class=\"grid-sizer\" src=\"https:\/\/ellecosta.com\/wp-content\/themes\/ellecosta\/assets\/images\/grid-sizer.png\" alt=\".\">\r\n\t\t\t<article class=\"post-grid-item-article has-icon has-background post-649 page type-page status-publish hentry\">\r\n\t\t\t\t<a href=\"https:\/\/ellecosta.com\/it\/isolamento-acustico\/\" style=\" background-color: #4ca4b2; \">\r\n\t\t\t\t\t<div class=\"post-grid-item-wrap-inner\">\r\n\t\t\t\t\t\t<div class=\"center-outer\">\r\n\t\t\t\t\t\t\t<div class=\"center-inner\">\r\n\t\t\t\t\t\t\t\t\t\t\t\t\t\t\t\t\t<div class=\"post-grid-item-icon\">\r\n\t\t\t\t\t\t\t\t\t\t<img loading=\"lazy\" decoding=\"async\" src=\"https:\/\/ellecosta.com\/wp-content\/uploads\/2015\/10\/Laermschutz.png\" alt=\"\" width=\"125\" height=\"126\">\r\n\t\t\t\t\t\t\t\t\t<\/div>\r\n\t\t\t\t\t\t\t\t\t\t\t\t\t\t\t\t<header class=\"entry-header\">\r\n\t\t\t\t\t\t\t\t\t<h1 class=\"entry-title\">Isolamento acustico<\/h1>\t\t\t\t\t\t\t\t<\/header>\r\n\t\t\t\t\t\t\t\t\t\t\t\t\t\t\t<\/div>\r\n\t\t\t\t\t\t<\/div>\r\n\t\t\t\t\t<\/div>\r\n\t\t\t\t<\/a>\r\n\t\t\t<\/article><!-- #post-## -->\r\n\t\t<\/div>\r\n\t<\/div>\r\n<\/div>\r\n\r\n\r\n<div class=\"post-grid-item\">\r\n\t<div class=\"post-grid-item-inner\">\r\n\t\t<div class=\"post-grid-item-wrap\">\r\n\t\t\t<img decoding=\"async\" class=\"grid-sizer\" src=\"https:\/\/ellecosta.com\/wp-content\/themes\/ellecosta\/assets\/images\/grid-sizer.png\" alt=\".\">\r\n\t\t\t<article class=\"post-grid-item-article has-image has-background post-572 page type-page status-publish hentry\">\r\n\t\t\t\t<a href=\"https:\/\/ellecosta.com\/it\/zanzariere\/\" style=\" background-image: url(https:\/\/ellecosta.com\/wp-content\/uploads\/2022\/08\/Ellecosta-Insektenschutz-Bora-2022-01.jpg);  background-color: #ffffff; \">\r\n\t\t\t\t\t<div class=\"post-grid-item-wrap-inner\">\r\n\t\t\t\t\t\t<div class=\"center-outer\">\r\n\t\t\t\t\t\t\t<div class=\"center-inner\">\r\n\t\t\t\t\t\t\t\t\t\t\t\t\t\t\t\t<header class=\"entry-header\">\r\n\t\t\t\t\t\t\t\t\t<h1 class=\"entry-title\">Zanzariere<\/h1>\t\t\t\t\t\t\t\t<\/header>\r\n\t\t\t\t\t\t\t\t\t\t\t\t\t\t\t\t\t<p>per finestre e per porte<\/p>\r\n\t\t\t\t\t\t\t\t\t\t\t\t\t\t\t<\/div>\r\n\t\t\t\t\t\t<\/div>\r\n\t\t\t\t\t<\/div>\r\n\t\t\t\t<\/a>\r\n\t\t\t<\/article><!-- #post-## -->\r\n\t\t<\/div>\r\n\t<\/div>\r\n<\/div>\r\n\r\n\r\n<div class=\"post-grid-item\">\r\n\t<div class=\"post-grid-item-inner\">\r\n\t\t<div class=\"post-grid-item-wrap\">\r\n\t\t\t<img decoding=\"async\" class=\"grid-sizer\" src=\"https:\/\/ellecosta.com\/wp-content\/themes\/ellecosta\/assets\/images\/grid-sizer.png\" alt=\".\">\r\n\t\t\t<article class=\"post-grid-item-article has-image post-928 page type-page status-publish hentry\">\r\n\t\t\t\t<a href=\"https:\/\/ellecosta.com\/it\/ziptex-it\/\" style=\" background-image: url(https:\/\/ellecosta.com\/wp-content\/uploads\/2020\/08\/Ziptex-Grid-Vorschaubild.jpg); \">\r\n\t\t\t\t\t<div class=\"post-grid-item-wrap-inner\">\r\n\t\t\t\t\t\t<div class=\"center-outer\">\r\n\t\t\t\t\t\t\t<div class=\"center-inner\">\r\n\t\t\t\t\t\t\t\t\t\t\t\t\t\t\t\t<header class=\"entry-header\">\r\n\t\t\t\t\t\t\t\t\t<h1 class=\"entry-title\">Ziptex<\/h1>\t\t\t\t\t\t\t\t<\/header>\r\n\t\t\t\t\t\t\t\t\t\t\t\t\t\t\t\t\t<p>la novit\u00e0 nel mondo della protezione solare<\/p>\r\n\t\t\t\t\t\t\t\t\t\t\t\t\t\t\t<\/div>\r\n\t\t\t\t\t\t<\/div>\r\n\t\t\t\t\t<\/div>\r\n\t\t\t\t<\/a>\r\n\t\t\t<\/article><!-- #post-## -->\r\n\t\t<\/div>\r\n\t<\/div>\r\n<\/div>\r\n<\/div><\/div><\/div><\/div><\/div><\/div>","protected":false},"excerpt":{"rendered":"<p>Ziptex La Ziptex \u00e8 la novit\u00e0 pi\u00f9 curiosa che c\u2019\u00e8 nel mondo della protezione solare. Le stoffe tessili sono resistenti alla luce UV, idrofughi e antimacchia. La resistenza contro il tempo e anche il vento (fino a 80 km\/h) sono un punto importante e per cui sono spesso la prima scelta per l\u2019area esterna. Il [&hellip;]<\/p>\n","protected":false},"author":3,"featured_media":0,"parent":0,"menu_order":0,"comment_status":"closed","ping_status":"closed","template":"","meta":{"footnotes":""},"class_list":["post-1427","page","type-page","status-publish","hentry"],"acf":[],"_links":{"self":[{"href":"https:\/\/ellecosta.com\/it\/wp-json\/wp\/v2\/pages\/1427","targetHints":{"allow":["GET"]}}],"collection":[{"href":"https:\/\/ellecosta.com\/it\/wp-json\/wp\/v2\/pages"}],"about":[{"href":"https:\/\/ellecosta.com\/it\/wp-json\/wp\/v2\/types\/page"}],"author":[{"embeddable":true,"href":"https:\/\/ellecosta.com\/it\/wp-json\/wp\/v2\/users\/3"}],"replies":[{"embeddable":true,"href":"https:\/\/ellecosta.com\/it\/wp-json\/wp\/v2\/comments?post=1427"}],"version-history":[{"count":0,"href":"https:\/\/ellecosta.com\/it\/wp-json\/wp\/v2\/pages\/1427\/revisions"}],"wp:attachment":[{"href":"https:\/\/ellecosta.com\/it\/wp-json\/wp\/v2\/media?parent=1427"}],"curies":[{"name":"wp","href":"https:\/\/api.w.org\/{rel}","templated":true}]}}